{"id":7,"date":"2021-09-01T10:34:07","date_gmt":"2021-09-01T08:34:07","guid":{"rendered":"https:\/\/www.camping-goyetchea.com\/accueil\/"},"modified":"2026-04-16T12:04:40","modified_gmt":"2026-04-16T10:04:40","slug":"accueil","status":"publish","type":"page","link":"https:\/\/www.camping-goyetchea.com\/fr\/","title":{"rendered":"Accueil"},"content":{"rendered":"<section id=\"section-612f706408ce3\"\" class=\"section bg-color3\" \/><div class=\"container large\"><h1 class=\"element section-title center\">Camping 4 \u00e9toiles au pays basque<\/h1><h2 class=\"element section-title center sub-title\">Bienvenue au Camping GOYETCHEA<\/h2><h3 class=\"element section-title center sub-title\">Le camping est ouvert du 13 mai au 13 septembre 2026<\/h3><div class=\"colonnes-wrap valign-top \"><div class=\"element colonne \"><div class=\"element bloc-text center \">\n\t<p>Pascale et Kiki vous accueillent au camping Goyetchea en plein c\u0153ur du pays basque. Situ\u00e9 sur les hauteurs de Saint-P\u00e9e-sur-Nivelle, vous serez sans aucun doute conquis par la <strong class=\"bold color1\">magnifique vue panoramique<\/strong> sur les montagnes Basque.<\/p>\n<p>Le <strong class=\"bold color1\">calme<\/strong> et le <strong class=\"bold color1\">cadre verdoyant<\/strong> de notre camping vous permettront de profiter de vacances familiales en toute d\u00e9tente. Pour pr\u00e9server ce calme nous demandons \u00e0 chacun de <strong>faire moins de bruit \u00e0 partir de 23h.<\/strong>\u00a0C&rsquo;est pour cela aussi que nous n&rsquo;organisons<strong> pas de soir\u00e9e<\/strong>.<\/p>\n<\/div><\/div><div class=\"element colonne \"><div class=\"element bloc-text center \">\n\t<p>Que vous souhaitiez vous divertir sur l\u2019un de nos terrains de sports, faire quelques longueurs dans notre piscine chauff\u00e9e ou un tour de toboggan aquatique, chacun trouvera son bonheur dans notre <a href=\"\/fr\/camping-familial-saint-pee-sur-nivelle\/\">camping familial.<\/a><\/p>\n<p>&nbsp;<\/p>\n<\/div><\/div><\/div><\/div><\/section>\n\n<section id=\"section-612f70640901d\"\" class=\"section second-home p-x-6 bg-white\" \/><div class=\"container full\"><div class=\"colonnes-wrap valign-middle \"><div class=\"element colonne p-0\"><div class=\"element call-to-action  call-to-action--style-1 call-to-action--big\"><a href=\"https:\/\/www.camping-goyetchea.com\/fr\/location-mobil-home-saint-pee-sur-nivelle\/\"  class=\"call-to-action_link\" title=\"En savoir plus sur nos locations\"><div class=\"call-to-action_image\"><img decoding=\"async\" src=\"https:\/\/www.camping-goyetchea.com\/wp-content\/uploads\/2021\/09\/mobil-home-pays-basque-71x100.jpg\" data-src=\"https:\/\/www.camping-goyetchea.com\/wp-content\/uploads\/2021\/09\/mobil-home-pays-basque.jpg\" alt=\"mobil home pays basque\" class=\"big\" \/><\/div><div class=\"call-to-action_contenu\"><div class=\"call-to-action_titre\">Nos locations<\/div><\/div><\/a><\/div><\/div><div class=\"element colonne p-0\"><div class=\"element call-to-action  call-to-action--style-1 call-to-action--big\"><a href=\"https:\/\/www.camping-goyetchea.com\/fr\/location-emplacement-saint-pee-sur-nivelle\/\"  class=\"call-to-action_link\" title=\"En savoir plus sur nos emplacements\"><div class=\"call-to-action_image\"><img decoding=\"async\" src=\"https:\/\/www.camping-goyetchea.com\/wp-content\/uploads\/2021\/09\/tente-pays-basque-71x100.jpg\" data-src=\"https:\/\/www.camping-goyetchea.com\/wp-content\/uploads\/2021\/09\/tente-pays-basque.jpg\" alt=\"tente pays basque\" class=\"big\" \/><\/div><div class=\"call-to-action_contenu\"><div class=\"call-to-action_titre\">Nos emplacements<\/div><\/div><\/a><\/div><\/div><div class=\"element colonne p-r-8 p-l-4\"><h2 class=\"element section-title left\">D\u00e9couvrez nos locations &#038; emplacements<\/h2><div class=\"element bloc-text left \">\n\t<p>Venez-vous reposer au c\u0153ur de la nature en choisissant l\u2019un de nos <strong class=\"bold color1\">emplacements<\/strong> ou <a href=\"\/fr\/location-mobil-home-saint-pee-sur-nivelle\/\">h\u00e9bergements en location<\/a>.<\/p>\n<p>Notre <strong class=\"bold color1\">terrain arbor\u00e9<\/strong> dispose de 88 <a href=\"\/fr\/location-emplacement-saint-pee-sur-nivelle\/\">emplacements<\/a> pouvant accueillir tente, camping-car ou caravane ainsi que de 46<strong class=\"bold color1\">\u00a0locations<\/strong> dont des tentes, des tentes lodge, des tentes sur pilotis, des roulottes et des mobil-home avec terrasse au <a href=\"\/fr\/camping-pas-cher-saint-pee-sur-nivelle\/\">meilleur prix<\/a>.<\/p>\n<\/div><a href=\"\/fr\/camping-pas-cher-saint-pee-sur-nivelle\/\" title=\"Consultez les tarifs\" class=\"element bouton justify\" ><span>Consultez les tarifs<\/span><\/a><\/div><\/div><\/div><\/section>\n\n<section id=\"section-612f706409467\"\" class=\"section third-home bg-white p-b-0\" \/><div class=\"container full\"><div class=\"colonnes-wrap valign-middle \"><div class=\"element colonne w-66 p-0\"><div class=\"element images\"><div class=\"image\"><img decoding=\"async\" src=\"https:\/\/www.camping-goyetchea.com\/wp-content\/uploads\/2022\/07\/camping-piscine-montagne-pays-basque-100x68.jpg\" data-src=\"https:\/\/www.camping-goyetchea.com\/wp-content\/uploads\/2022\/07\/camping-piscine-montagne-pays-basque.jpg\" alt=\"camping pays basque avec piscine\" class=\"images_image\" \/><\/div><\/div><a href=\"\/fr\/camping-piscine-saint-pee-sur-nivelle\/\" title=\"La piscine\" class=\"element bouton justify\" ><span>La piscine<\/span><\/a><\/div><div class=\"element colonne w-34 p-0\"><div class=\"element images\"><div class=\"image\"><img decoding=\"async\" src=\"https:\/\/www.camping-goyetchea.com\/wp-content\/uploads\/2022\/07\/toboggan-goyetechea-piscine-100x67.jpg\" data-src=\"https:\/\/www.camping-goyetchea.com\/wp-content\/uploads\/2022\/07\/toboggan-goyetechea-piscine.jpg\" alt=\"camping pays basque avec toboggan\" class=\"images_image\" \/><\/div><div class=\"image\"><img decoding=\"async\" src=\"https:\/\/www.camping-goyetchea.com\/wp-content\/uploads\/2022\/07\/camping-piscine-pays-basque-1-100x57.jpg\" data-src=\"https:\/\/www.camping-goyetchea.com\/wp-content\/uploads\/2022\/07\/camping-piscine-pays-basque-1.jpg\" alt=\"piscine au pays basque\" class=\"images_image\" \/><\/div><\/div><\/div><\/div><\/div><\/section>\n\n<section id=\"section-612f8eb45e1ba\"\" class=\"section p-x-6 fourth-home bg-white\" \/><div class=\"container full\"><div class=\"colonnes-wrap valign-middle \"><div class=\"element colonne bg-white p-8 text-left\"><h2 class=\"element section-title justify\">Saint P\u00e9e Sur Nivelle<\/h2><div class=\"element bloc-text justify \">\n\t<div class=\"content-wrapper bloc bloc-extra-small bloc-texte chapo\">\n<p><a href=\"\/fr\/tourisme-saint-pee-sur-nivelle\/\">Saint-P\u00e9e-sur-Nivelle<\/a> est un village charmant au c\u0153ur du Pays basque, berceau du gant en osier: Xistera.<\/p>\n<p>Au d\u00e9part du village vous trouverez de <strong class=\"bold color1\">multiples chemins de randonn\u00e9es, <\/strong>qui vous offriront une vue imprenable une fois arriv\u00e9 \u00e0 leur sommet sur tout le\u00a0pays basque.<\/p>\n<p>A 5km du camping, vous pourrez vous baigner au <strong class=\"bold color1\">lac de Saint-P\u00e9e-sur-Nivelle, <\/strong>et d\u00e9couvrir ses multiples activit\u00e9s.<\/p>\n<p>Saint-P\u00e9e-sur-Nivelle est id\u00e9alement situ\u00e9 pour visiter la C\u00f4te Basque ou le Pays Basque int\u00e9rieur.<\/p>\n<\/div>\n<\/div><a href=\"\/fr\/tourisme-saint-pee-sur-nivelle\/\" title=\"D\u00e9couvrir\" class=\"element bouton center\" ><span>D\u00e9couvrir<\/span><\/a><\/div><div class=\"element colonne \"><div class=\"element images\"><div class=\"image\"><img decoding=\"async\" src=\"https:\/\/www.camping-goyetchea.com\/wp-content\/uploads\/2021\/10\/sejour-saint-pee-sur-nivelle-100x73.jpg\" data-src=\"https:\/\/www.camping-goyetchea.com\/wp-content\/uploads\/2021\/10\/sejour-saint-pee-sur-nivelle.jpg\" alt=\"camping Saint p\u00e9e sur Nivelle\" class=\"images_image\" \/><\/div><\/div><\/div><\/div><\/div><\/section>\n\n<section id=\"section-612f8eb45e3e3\"\" class=\"section p-x-6 fifth-home bg-white p-t-0\" \/><div class=\"container full\"><div class=\"colonnes-wrap valign-middle \"><div class=\"element colonne \"><div class=\"element section-title right\">Entre mer et montagne<\/div><div class=\"element images\"><div class=\"image\"><img decoding=\"async\" src=\"https:\/\/www.camping-goyetchea.com\/wp-content\/uploads\/2021\/09\/camping-cote-basque-100x73.jpg\" data-src=\"https:\/\/www.camping-goyetchea.com\/wp-content\/uploads\/2021\/09\/camping-cote-basque.jpg\" alt=\"camping basque\" class=\"images_image\" \/><\/div><\/div><\/div><div class=\"element colonne bg-white p-8 text-right\"><h2 class=\"element section-title justify\">Le pays basque<\/h2><div class=\"element bloc-text left \">\n\t<p>\u00c0 seulement 15 minutes des plages de <strong>Bidart<\/strong>, <strong>Biarritz<\/strong> et de <strong>Saint-Jean-de-Luz<\/strong>. Mais aussi d&rsquo;<strong>Espelette<\/strong>, du petit train de la<strong> Rhune<\/strong> et de la fronti\u00e8re espagnole. Notre camping est le point de d\u00e9part pour visiter le <a href=\"\/fr\/tourisme-pays-basque\/\">pays basque<\/a>.<\/p>\n<\/div><a href=\"\/fr\/tourisme-pays-basque\/\" title=\"D\u00e9couvrir\" class=\"element bouton center\" ><span>D\u00e9couvrir<\/span><\/a><\/div><\/div><\/div><\/section>\n\n<section id=\"section-64f893fb626bb\"\" class=\"section p-x-6 fourth-home bg-white\" \/><div class=\"container full\"><div class=\"colonnes-wrap valign-middle \"><div class=\"element colonne bg-white p-8 text-left\"><h2 class=\"element section-title justify\">Camping qualit\u00e9<\/h2><div class=\"element bloc-text justify \">\n\t<p>Nous sommes labellis\u00e9s Camping Qualit\u00e9, mais qu\u2019est-ce que c\u2019est\u00a0?<\/p>\n<p>D\u00e9j\u00e0 en choisissant de partir en vacances dans un camping labellis\u00e9 <strong>Camping Qualit\u00e9<\/strong>, vous vous assurez de passer de bonnes vacances.<\/p>\n<p>En effet, en faisant parti de camping Qualit\u00e9 nous nous engageons \u00e0 vous offrir\u00a0:<\/p>\n<ul>\n<li><strong>Un accueil chaleureux<\/strong> pour contribuer \u00e0 vous offrir un s\u00e9jour serein<strong>,<\/strong>\u00a0agr\u00e9able\u00a0et convivial.<\/li>\n<li><strong>Une propret\u00e9 irr\u00e9prochable <\/strong>en tout lieu du camping.<\/li>\n<li><strong>Une information pr\u00e9cise et vraie <\/strong>Nous nous engageons \u00e0 vous fournir des informations compl\u00e8tes et\u00a0d\u00e9taill\u00e9es sur notre \u00e9tablissement, services, activit\u00e9s et tarifs.<\/li>\n<li><strong>Un emplacement privatif soign\u00e9 <\/strong>Nous nous effor\u00e7ons de soigner et garantir la plus grande tranquillit\u00e9 sur le terrain.<\/li>\n<li><strong>Un environnement valoris\u00e9 et respect\u00e9 <\/strong>Nous nous engageons \u00e0 conserver la nature et l\u2019environnement, \u00e0 am\u00e9nager notre camping avec respect, protection et recherche de solutions environnementales adapt\u00e9es.<\/li>\n<li><strong>Une \u00e9co-responsabilit\u00e9 affirm\u00e9e <\/strong>Nous g\u00e9rons notre \u00e9tablissement de fa\u00e7on durable et \u00e9co-responsable. Des solutions \u00e9cologiques et respectueuses de l\u2019environnement sont utilis\u00e9es.<\/li>\n<\/ul>\n<p>Chaque ann\u00e9e nous essayons de faire mieux avec vous aussi, la nature nous remerciera !<\/p>\n<\/div><a href=\"https:\/\/campingqualite.com\/campings\/camping-goyetchea\" title=\"En savoir plus\" class=\"element bouton center\" ><\/a><\/div><div class=\"element colonne \"><div class=\"element images\"><div class=\"image\"><img decoding=\"async\" src=\"https:\/\/www.camping-goyetchea.com\/wp-content\/uploads\/2025\/10\/BtoBtoC-Membre-engage-et-labellise-logo-1-1-100x40.png\" data-src=\"https:\/\/www.camping-goyetchea.com\/wp-content\/uploads\/2025\/10\/BtoBtoC-Membre-engage-et-labellise-logo-1-1.png\" alt=\"Camping qualit\u00e9\" class=\"images_image\" \/><\/div><\/div><\/div><\/div><\/div><\/section>\n\n<section id=\"section-69a5821cc86a9\"\" class=\"section bg-white\" \/><div class=\"container\"><h2 class=\"element section-title center\">Prix le choix des familles <\/h2><div class=\"element bloc-text justify \">\n\t<p><\/br><\/p>\n<div dir=\"auto\">Le camping Goyetchea fait partie des 50 \u00e9tablissements ayant re\u00e7u le plus de recommandations positif entre le 1er juillet 2025 et le 1er novembre 2025 sur le site\u00a0<a href=\"http:\/\/lechoixdesfamilles.com\/\" target=\"_blank\" rel=\"noopener\" data-saferedirecturl=\"https:\/\/www.google.com\/url?q=http:\/\/lechoixdesfamilles.com&amp;source=gmail&amp;ust=1772629822540000&amp;usg=AOvVaw2jHl2wjBhK9E98IoMl4t6X\">lechoixdesfamilles.com<\/a><\/div>\n<div dir=\"auto\"><\/div>\n<p><\/br><\/p>\n<\/div><div class=\"element images\"><div class=\"image\"><img decoding=\"async\" src=\"https:\/\/www.camping-goyetchea.com\/wp-content\/uploads\/2026\/02\/prix-100x69.png\" data-src=\"https:\/\/www.camping-goyetchea.com\/wp-content\/uploads\/2026\/02\/prix.png\" alt=\"\" class=\"images_image\" \/><\/div><\/div><\/div><\/section>\n\n<section id=\"section-648ef9e01532d\"\" class=\"section bg-white\" \/><div class=\"container\"><div class=\"colonnes-wrap valign-top \"><\/div><\/div><\/section>","protected":false},"excerpt":{"rendered":"","protected":false},"author":1,"featured_media":0,"parent":0,"menu_order":0,"comment_status":"closed","ping_status":"closed","template":"","meta":{"footnotes":""},"class_list":["post-7","page","type-page","status-publish","hentry"],"acf":[],"yoast_head":"<!-- This site is optimized with the Yoast SEO plugin v25.3 - https:\/\/yoast.com\/wordpress\/plugins\/seo\/ -->\n<title>Camping Goyetchea, 4* au Pays Basque \u00e0 St-P\u00e9e-sur-Nivelle (64)<\/title>\n<meta name=\"description\" content=\"Bienvenue au Camping Goyetchea. Venez profitez en famille d&#039;une vue exceptionnelle sur les montagnes du Pays Basque, d&#039;une atmosph\u00e8re calme et reposante \u00e0 proximit\u00e9 de Biarritz.\" \/>\n<meta name=\"robots\" content=\"index, follow, max-snippet:-1, max-image-preview:large, max-video-preview:-1\" \/>\n<link rel=\"canonical\" href=\"https:\/\/www.camping-goyetchea.com\/fr\/\" \/>\n<meta property=\"og:locale\" content=\"fr_FR\" \/>\n<meta property=\"og:type\" content=\"article\" \/>\n<meta property=\"og:title\" content=\"Camping Goyetchea, 4* au Pays Basque \u00e0 St-P\u00e9e-sur-Nivelle (64)\" \/>\n<meta property=\"og:description\" content=\"Bienvenue au Camping Goyetchea. Venez profitez en famille d&#039;une vue exceptionnelle sur les montagnes du Pays Basque, d&#039;une atmosph\u00e8re calme et reposante \u00e0 proximit\u00e9 de Biarritz.\" \/>\n<meta property=\"og:url\" content=\"https:\/\/www.camping-goyetchea.com\/fr\/\" \/>\n<meta property=\"og:site_name\" content=\"Camping Goyetchea\" \/>\n<meta property=\"article:modified_time\" content=\"2026-04-16T10:04:40+00:00\" \/>\n<meta name=\"twitter:card\" content=\"summary_large_image\" \/>\n<script type=\"application\/ld+json\" class=\"yoast-schema-graph\">{\"@context\":\"https:\/\/schema.org\",\"@graph\":[{\"@type\":\"WebPage\",\"@id\":\"https:\/\/www.camping-goyetchea.com\/fr\/\",\"url\":\"https:\/\/www.camping-goyetchea.com\/fr\/\",\"name\":\"Camping Goyetchea, 4* au Pays Basque \u00e0 St-P\u00e9e-sur-Nivelle (64)\",\"isPartOf\":{\"@id\":\"https:\/\/www.camping-goyetchea.com\/fr\/#website\"},\"datePublished\":\"2021-09-01T08:34:07+00:00\",\"dateModified\":\"2026-04-16T10:04:40+00:00\",\"description\":\"Bienvenue au Camping Goyetchea. Venez profitez en famille d'une vue exceptionnelle sur les montagnes du Pays Basque, d'une atmosph\u00e8re calme et reposante \u00e0 proximit\u00e9 de Biarritz.\",\"breadcrumb\":{\"@id\":\"https:\/\/www.camping-goyetchea.com\/fr\/#breadcrumb\"},\"inLanguage\":\"fr-FR\",\"potentialAction\":[{\"@type\":\"ReadAction\",\"target\":[\"https:\/\/www.camping-goyetchea.com\/fr\/\"]}]},{\"@type\":\"BreadcrumbList\",\"@id\":\"https:\/\/www.camping-goyetchea.com\/fr\/#breadcrumb\",\"itemListElement\":[{\"@type\":\"ListItem\",\"position\":1,\"name\":\"Camping Pays Basque\",\"item\":\"https:\/\/www.camping-goyetchea.com\/fr\/\"},{\"@type\":\"ListItem\",\"position\":2,\"name\":\"Accueil\"}]},{\"@type\":\"WebSite\",\"@id\":\"https:\/\/www.camping-goyetchea.com\/fr\/#website\",\"url\":\"https:\/\/www.camping-goyetchea.com\/fr\/\",\"name\":\"Camping Goyetchea\",\"description\":\"\",\"publisher\":{\"@id\":\"https:\/\/www.camping-goyetchea.com\/fr\/#organization\"},\"potentialAction\":[{\"@type\":\"SearchAction\",\"target\":{\"@type\":\"EntryPoint\",\"urlTemplate\":\"https:\/\/www.camping-goyetchea.com\/fr\/?s={search_term_string}\"},\"query-input\":{\"@type\":\"PropertyValueSpecification\",\"valueRequired\":true,\"valueName\":\"search_term_string\"}}],\"inLanguage\":\"fr-FR\"},{\"@type\":\"Organization\",\"@id\":\"https:\/\/www.camping-goyetchea.com\/fr\/#organization\",\"name\":\"Camping Goyetchea\",\"url\":\"https:\/\/www.camping-goyetchea.com\/fr\/\",\"logo\":{\"@type\":\"ImageObject\",\"inLanguage\":\"fr-FR\",\"@id\":\"https:\/\/www.camping-goyetchea.com\/fr\/#\/schema\/logo\/image\/\",\"url\":\"https:\/\/www.camping-goyetchea.com\/wp-content\/uploads\/2021\/09\/camping-goyetchea.png\",\"contentUrl\":\"https:\/\/www.camping-goyetchea.com\/wp-content\/uploads\/2021\/09\/camping-goyetchea.png\",\"width\":283,\"height\":107,\"caption\":\"Camping Goyetchea\"},\"image\":{\"@id\":\"https:\/\/www.camping-goyetchea.com\/fr\/#\/schema\/logo\/image\/\"}}]}<\/script>\n<!-- \/ Yoast SEO plugin. -->","yoast_head_json":{"title":"Camping Goyetchea, 4* au Pays Basque \u00e0 St-P\u00e9e-sur-Nivelle (64)","description":"Bienvenue au Camping Goyetchea. Venez profitez en famille d'une vue exceptionnelle sur les montagnes du Pays Basque, d'une atmosph\u00e8re calme et reposante \u00e0 proximit\u00e9 de Biarritz.","robots":{"index":"index","follow":"follow","max-snippet":"max-snippet:-1","max-image-preview":"max-image-preview:large","max-video-preview":"max-video-preview:-1"},"canonical":"https:\/\/www.camping-goyetchea.com\/fr\/","og_locale":"fr_FR","og_type":"article","og_title":"Camping Goyetchea, 4* au Pays Basque \u00e0 St-P\u00e9e-sur-Nivelle (64)","og_description":"Bienvenue au Camping Goyetchea. Venez profitez en famille d'une vue exceptionnelle sur les montagnes du Pays Basque, d'une atmosph\u00e8re calme et reposante \u00e0 proximit\u00e9 de Biarritz.","og_url":"https:\/\/www.camping-goyetchea.com\/fr\/","og_site_name":"Camping Goyetchea","article_modified_time":"2026-04-16T10:04:40+00:00","twitter_card":"summary_large_image","schema":{"@context":"https:\/\/schema.org","@graph":[{"@type":"WebPage","@id":"https:\/\/www.camping-goyetchea.com\/fr\/","url":"https:\/\/www.camping-goyetchea.com\/fr\/","name":"Camping Goyetchea, 4* au Pays Basque \u00e0 St-P\u00e9e-sur-Nivelle (64)","isPartOf":{"@id":"https:\/\/www.camping-goyetchea.com\/fr\/#website"},"datePublished":"2021-09-01T08:34:07+00:00","dateModified":"2026-04-16T10:04:40+00:00","description":"Bienvenue au Camping Goyetchea. Venez profitez en famille d'une vue exceptionnelle sur les montagnes du Pays Basque, d'une atmosph\u00e8re calme et reposante \u00e0 proximit\u00e9 de Biarritz.","breadcrumb":{"@id":"https:\/\/www.camping-goyetchea.com\/fr\/#breadcrumb"},"inLanguage":"fr-FR","potentialAction":[{"@type":"ReadAction","target":["https:\/\/www.camping-goyetchea.com\/fr\/"]}]},{"@type":"BreadcrumbList","@id":"https:\/\/www.camping-goyetchea.com\/fr\/#breadcrumb","itemListElement":[{"@type":"ListItem","position":1,"name":"Camping Pays Basque","item":"https:\/\/www.camping-goyetchea.com\/fr\/"},{"@type":"ListItem","position":2,"name":"Accueil"}]},{"@type":"WebSite","@id":"https:\/\/www.camping-goyetchea.com\/fr\/#website","url":"https:\/\/www.camping-goyetchea.com\/fr\/","name":"Camping Goyetchea","description":"","publisher":{"@id":"https:\/\/www.camping-goyetchea.com\/fr\/#organization"},"potentialAction":[{"@type":"SearchAction","target":{"@type":"EntryPoint","urlTemplate":"https:\/\/www.camping-goyetchea.com\/fr\/?s={search_term_string}"},"query-input":{"@type":"PropertyValueSpecification","valueRequired":true,"valueName":"search_term_string"}}],"inLanguage":"fr-FR"},{"@type":"Organization","@id":"https:\/\/www.camping-goyetchea.com\/fr\/#organization","name":"Camping Goyetchea","url":"https:\/\/www.camping-goyetchea.com\/fr\/","logo":{"@type":"ImageObject","inLanguage":"fr-FR","@id":"https:\/\/www.camping-goyetchea.com\/fr\/#\/schema\/logo\/image\/","url":"https:\/\/www.camping-goyetchea.com\/wp-content\/uploads\/2021\/09\/camping-goyetchea.png","contentUrl":"https:\/\/www.camping-goyetchea.com\/wp-content\/uploads\/2021\/09\/camping-goyetchea.png","width":283,"height":107,"caption":"Camping Goyetchea"},"image":{"@id":"https:\/\/www.camping-goyetchea.com\/fr\/#\/schema\/logo\/image\/"}}]}},"_links":{"self":[{"href":"https:\/\/www.camping-goyetchea.com\/fr\/wp-json\/wp\/v2\/pages\/7","targetHints":{"allow":["GET"]}}],"collection":[{"href":"https:\/\/www.camping-goyetchea.com\/fr\/wp-json\/wp\/v2\/pages"}],"about":[{"href":"https:\/\/www.camping-goyetchea.com\/fr\/wp-json\/wp\/v2\/types\/page"}],"author":[{"embeddable":true,"href":"https:\/\/www.camping-goyetchea.com\/fr\/wp-json\/wp\/v2\/users\/1"}],"replies":[{"embeddable":true,"href":"https:\/\/www.camping-goyetchea.com\/fr\/wp-json\/wp\/v2\/comments?post=7"}],"version-history":[{"count":266,"href":"https:\/\/www.camping-goyetchea.com\/fr\/wp-json\/wp\/v2\/pages\/7\/revisions"}],"predecessor-version":[{"id":3664,"href":"https:\/\/www.camping-goyetchea.com\/fr\/wp-json\/wp\/v2\/pages\/7\/revisions\/3664"}],"wp:attachment":[{"href":"https:\/\/www.camping-goyetchea.com\/fr\/wp-json\/wp\/v2\/media?parent=7"}],"curies":[{"name":"wp","href":"https:\/\/api.w.org\/{rel}","templated":true}]}}