{"id":5,"date":"2021-09-15T14:47:01","date_gmt":"2021-09-15T12:47:01","guid":{"rendered":"https:\/\/www.camping-goyetchea.com\/?page_id=5"},"modified":"2022-10-12T14:18:30","modified_gmt":"2022-10-12T12:18:30","slug":"mentions-legales","status":"publish","type":"page","link":"https:\/\/www.camping-goyetchea.com\/fr\/mentions-legales\/","title":{"rendered":"Mentions l\u00e9gales"},"content":{"rendered":"<section id=\"section-6141eb4590c6e\"\" class=\"section bg-white\" \/><div class=\"container extralarge\"><h1 class=\"element section-title center\">Mentions l\u00e9gales<\/h1><div class=\"element bloc-text center \">\n\t<h2 class=\"inline-title center\" style=\"display: block;\">Editeur du site<\/h2>\n<p>Camping Goyetchea<br \/>\nRoute d\u2019Ahetze<br \/>\nQuartier d\u2019Ibarron<br \/>\n64310 St P\u00e9e S\/Nivelle<br \/>\nSiret : 440 288 181 00017<br \/>\nTVA : FR35440288181<\/p>\n<p>T\u00e9l : +33 (0)5 59 54 19 59<br \/>\nEmail : info@camping-goyetchea.com<\/p>\n<h2 class=\"inline-title center\" style=\"display: block;\">Realisation<\/h2>\n<p>GEEK TONIC<br \/>\nRepr\u00e9sent\u00e9e par M. Yohan Darmayan en sa qualit\u00e9 de G\u00e9rant<br \/>\nSi\u00e8ge social : 1 All\u00e9e Pierre Lat\u00e9co\u00e8re, 64200 Biarritz<br \/>\nT\u00e9l : 05 32 74 11 52<br \/>\nE-mail : contact@geek-tonic.com<br \/>\nSite web : <a href=\"https:\/\/www.geek-tonic.com\/\">https:\/\/www.geek-tonic.com\/<\/a><br \/>\nSIRET : 89746755100015<br \/>\nAPE : 6201Z<\/p>\n<h2 class=\"inline-title center\" style=\"display: block;\">Droits d\u2019auteur et copyright<\/h2>\n<p>L\u2019ensemble du contenu de ce site d\u00e9pend du droit d\u2019auteur ainsi que de la propri\u00e9t\u00e9 intellectuelle de la l\u00e9gislation fran\u00e7aise Toute reproduction (y compris les photos, les ic\u00f4nes et les documents t\u00e9l\u00e9chargeables) est interdite sans accord pr\u00e9alable de GEEKTONIC. La reproduction sur un support \u00e9lectronique de tout ou partie du site sur un format papier ou \u00e9lectronique est prohib\u00e9e. GEEKTONIC d\u00e9cline toute responsabilit\u00e9 concernant le contenu pr\u00e9sent sur le site internet. GEEKTONIC d\u00e9cline \u00e9galement toute responsabilit\u00e9 quant aux liens externes pointant vers le site pr\u00e9sent.<\/p>\n<h2 class=\"inline-title center\" style=\"display: block;\">Donn\u00e9es personnelles et informations nominatives<\/h2>\n<p>Vous disposez d\u2019un droit d\u2019acc\u00e8s, de modification, de rectification et de suppression des donn\u00e9es vous concernant selon l\u2019article 34 de la Loi \u00ab Informatique et Libert\u00e9s \u00bb n\u00b0 78-17 du 6 janvier 1978, modifi\u00e9e le 6 ao\u00fbt 23018. Pour d\u00e9ployer ce droit d\u2019acc\u00e8s, vous pouvez le faire sur simple demande \u00e9crite \u00e0 l\u2019\u00e9diteur du site.<\/p>\n<h2 class=\"inline-title center\" style=\"display: block;\">L\u00e9gislation<\/h2>\n<p>Selon la loi du 11 mars 1957 (art. 41) et du code de la propri\u00e9t\u00e9 intellectuelle du 1er juillet 1992, Il est interdire de reproduire partiellement ou totalement une partie quel qu\u2019elle soit du site sans autorisation pr\u00e9alable de l\u2019\u00e9diteur du site. Les logos, visuels, photos, vid\u00e9os, chartes graphiques, textes sont la propri\u00e9t\u00e9 de leur d\u00e9tenteur respectif. Ce site peut, \u00e0 son insu, avoir \u00e9t\u00e9 reli\u00e9 \u00e0 d\u2019autres sites par le biais de liens hyperm\u00e9dia. L\u2019\u00e9diteur du site d\u00e9cline toute responsabilit\u00e9 pour les informations pr\u00e9sent\u00e9es sur ces autres sites. L\u2019internaute reconna\u00eet que l\u2019utilisation de ce site est r\u00e9gi par le droit fran\u00e7ais.<\/p>\n<h2 class=\"inline-title center\" style=\"display: block;\">Editeur du site<\/h2>\n<p>Camping Les Plans<br \/>\nSiret : 40161020900017<br \/>\nAPE5530Z<br \/>\nDirecteur publication : Mr Fernandez<\/p>\n<p>Adresse : 2917 route de St Jean du Gard \u2013 30140 Mialet<br \/>\nT\u00e9l : +33 (0)4 66 85 02 46<br \/>\nEmail : info@camping-les-plans.fr<\/p>\n<h2 class=\"inline-title center\" style=\"display: block;\">Realisation<\/h2>\n<p>TUVEDUWEB<br \/>\nRepr\u00e9sent\u00e9e par M. Yohan Darmayan en sa qualit\u00e9 de G\u00e9rant<br \/>\nSi\u00e8ge social : 1 ALL PIERRE GEORGES LATECOERE 64200 BIARRITZ<br \/>\nT\u00e9l : 05 32 74 11 52<br \/>\nE-mail : info@tuveduweb.com<br \/>\nSite web : www.tuvedlacom.com<br \/>\nSIRET : 89746755100015<br \/>\nAPE : 6201Z<\/p>\n<h2 class=\"inline-title center\" style=\"display: block;\">Droits d\u2019auteur et copyright<\/h2>\n<p>L\u2019ensemble du contenu de ce site d\u00e9pend du droit d\u2019auteur ainsi que de la propri\u00e9t\u00e9 intellectuelle de la l\u00e9gislation fran\u00e7aise Toute reproduction (y compris les photos, les ic\u00f4nes et les documents t\u00e9l\u00e9chargeables) est interdite sans accord pr\u00e9alable de TUVEDLACOM. La reproduction sur un support \u00e9lectronique de tout ou partie du site sur un format papier ou \u00e9lectronique est prohib\u00e9e. TuVeDlaCom d\u00e9cline toute responsabilit\u00e9 concernant le contenu pr\u00e9sent sur le site internet. TuVeDlaCom d\u00e9cline \u00e9galement toute responsabilit\u00e9 quant aux liens externes pointant vers le site pr\u00e9sent.<\/p>\n<h2 class=\"inline-title center\" style=\"display: block;\">Donn\u00e9es personnelles et informations nominatives<\/h2>\n<p>Vous disposez d\u2019un droit d\u2019acc\u00e8s, de modification, de rectification et de suppression des donn\u00e9es vous concernant selon l\u2019article 34 de la Loi \u00ab Informatique et Libert\u00e9s \u00bb n\u00b0 78-17 du 6 janvier 1978, modifi\u00e9e le 6 ao\u00fbt 2004. Pour d\u00e9ployer ce droit d\u2019acc\u00e8s, vous pouvez le faire sur simple demande \u00e9crite \u00e0 l\u2019\u00e9diteur du site.<\/p>\n<h2 class=\"inline-title center\" style=\"display: block;\">Legislation<\/h2>\n<p>Selon la loi du 11 mars 1957 (art. 41) et du code de la propri\u00e9t\u00e9 intellectuelle du 1er juillet 1992, Il est interdire de reproduire partiellement ou totalement une partie quel qu\u2019elle soit du site sans autorisation pr\u00e9alable de l\u2019\u00e9diteur du site. Les logos, visuels, photos, vid\u00e9os, chartes graphiques, textes sont la propri\u00e9t\u00e9 de leur d\u00e9tenteur respectif. Ce site peut, \u00e0 son insu, avoir \u00e9t\u00e9 reli\u00e9 \u00e0 d\u2019autres sites par le biais de liens hyperm\u00e9dia. L\u2019\u00e9diteur du site d\u00e9cline toute responsabilit\u00e9 pour les informations pr\u00e9sent\u00e9es sur ces autres sites. L\u2019internaute reconna\u00eet que l\u2019utilisation de ce site est r\u00e9gi par le droit fran\u00e7ais.<\/p>\n<\/div><\/div><\/section>","protected":false},"excerpt":{"rendered":"","protected":false},"author":1,"featured_media":0,"parent":0,"menu_order":0,"comment_status":"closed","ping_status":"closed","template":"","meta":{"footnotes":""},"class_list":["post-5","page","type-page","status-publish","hentry"],"acf":[],"yoast_head":"<!-- This site is optimized with the Yoast SEO plugin v25.3 - https:\/\/yoast.com\/wordpress\/plugins\/seo\/ -->\n<title>Mentions l\u00e9gales - Camping Goyetchea<\/title>\n<meta name=\"robots\" content=\"noindex, nofollow\" \/>\n<meta property=\"og:locale\" content=\"fr_FR\" \/>\n<meta property=\"og:type\" content=\"article\" \/>\n<meta property=\"og:title\" content=\"Mentions l\u00e9gales - Camping Goyetchea\" \/>\n<meta property=\"og:url\" content=\"https:\/\/www.camping-goyetchea.com\/fr\/mentions-legales\/\" \/>\n<meta property=\"og:site_name\" content=\"Camping Goyetchea\" \/>\n<meta property=\"article:modified_time\" content=\"2022-10-12T12:18:30+00:00\" \/>\n<meta name=\"twitter:card\" content=\"summary_large_image\" \/>\n<script type=\"application\/ld+json\" class=\"yoast-schema-graph\">{\"@context\":\"https:\/\/schema.org\",\"@graph\":[{\"@type\":\"WebPage\",\"@id\":\"https:\/\/www.camping-goyetchea.com\/fr\/mentions-legales\/\",\"url\":\"https:\/\/www.camping-goyetchea.com\/fr\/mentions-legales\/\",\"name\":\"Mentions l\u00e9gales - Camping Goyetchea\",\"isPartOf\":{\"@id\":\"https:\/\/www.camping-goyetchea.com\/fr\/#website\"},\"datePublished\":\"2021-09-15T12:47:01+00:00\",\"dateModified\":\"2022-10-12T12:18:30+00:00\",\"breadcrumb\":{\"@id\":\"https:\/\/www.camping-goyetchea.com\/fr\/mentions-legales\/#breadcrumb\"},\"inLanguage\":\"fr-FR\",\"potentialAction\":[{\"@type\":\"ReadAction\",\"target\":[\"https:\/\/www.camping-goyetchea.com\/fr\/mentions-legales\/\"]}]},{\"@type\":\"BreadcrumbList\",\"@id\":\"https:\/\/www.camping-goyetchea.com\/fr\/mentions-legales\/#breadcrumb\",\"itemListElement\":[{\"@type\":\"ListItem\",\"position\":1,\"name\":\"Camping Pays Basque\",\"item\":\"https:\/\/www.camping-goyetchea.com\/fr\/\"},{\"@type\":\"ListItem\",\"position\":2,\"name\":\"Mentions l\u00e9gales\"}]},{\"@type\":\"WebSite\",\"@id\":\"https:\/\/www.camping-goyetchea.com\/fr\/#website\",\"url\":\"https:\/\/www.camping-goyetchea.com\/fr\/\",\"name\":\"Camping Goyetchea\",\"description\":\"\",\"publisher\":{\"@id\":\"https:\/\/www.camping-goyetchea.com\/fr\/#organization\"},\"potentialAction\":[{\"@type\":\"SearchAction\",\"target\":{\"@type\":\"EntryPoint\",\"urlTemplate\":\"https:\/\/www.camping-goyetchea.com\/fr\/?s={search_term_string}\"},\"query-input\":{\"@type\":\"PropertyValueSpecification\",\"valueRequired\":true,\"valueName\":\"search_term_string\"}}],\"inLanguage\":\"fr-FR\"},{\"@type\":\"Organization\",\"@id\":\"https:\/\/www.camping-goyetchea.com\/fr\/#organization\",\"name\":\"Camping Goyetchea\",\"url\":\"https:\/\/www.camping-goyetchea.com\/fr\/\",\"logo\":{\"@type\":\"ImageObject\",\"inLanguage\":\"fr-FR\",\"@id\":\"https:\/\/www.camping-goyetchea.com\/fr\/#\/schema\/logo\/image\/\",\"url\":\"https:\/\/www.camping-goyetchea.com\/wp-content\/uploads\/2021\/09\/camping-goyetchea.png\",\"contentUrl\":\"https:\/\/www.camping-goyetchea.com\/wp-content\/uploads\/2021\/09\/camping-goyetchea.png\",\"width\":283,\"height\":107,\"caption\":\"Camping Goyetchea\"},\"image\":{\"@id\":\"https:\/\/www.camping-goyetchea.com\/fr\/#\/schema\/logo\/image\/\"}}]}<\/script>\n<!-- \/ Yoast SEO plugin. -->","yoast_head_json":{"title":"Mentions l\u00e9gales - Camping Goyetchea","robots":{"index":"noindex","follow":"nofollow"},"og_locale":"fr_FR","og_type":"article","og_title":"Mentions l\u00e9gales - Camping Goyetchea","og_url":"https:\/\/www.camping-goyetchea.com\/fr\/mentions-legales\/","og_site_name":"Camping Goyetchea","article_modified_time":"2022-10-12T12:18:30+00:00","twitter_card":"summary_large_image","schema":{"@context":"https:\/\/schema.org","@graph":[{"@type":"WebPage","@id":"https:\/\/www.camping-goyetchea.com\/fr\/mentions-legales\/","url":"https:\/\/www.camping-goyetchea.com\/fr\/mentions-legales\/","name":"Mentions l\u00e9gales - Camping Goyetchea","isPartOf":{"@id":"https:\/\/www.camping-goyetchea.com\/fr\/#website"},"datePublished":"2021-09-15T12:47:01+00:00","dateModified":"2022-10-12T12:18:30+00:00","breadcrumb":{"@id":"https:\/\/www.camping-goyetchea.com\/fr\/mentions-legales\/#breadcrumb"},"inLanguage":"fr-FR","potentialAction":[{"@type":"ReadAction","target":["https:\/\/www.camping-goyetchea.com\/fr\/mentions-legales\/"]}]},{"@type":"BreadcrumbList","@id":"https:\/\/www.camping-goyetchea.com\/fr\/mentions-legales\/#breadcrumb","itemListElement":[{"@type":"ListItem","position":1,"name":"Camping Pays Basque","item":"https:\/\/www.camping-goyetchea.com\/fr\/"},{"@type":"ListItem","position":2,"name":"Mentions l\u00e9gales"}]},{"@type":"WebSite","@id":"https:\/\/www.camping-goyetchea.com\/fr\/#website","url":"https:\/\/www.camping-goyetchea.com\/fr\/","name":"Camping Goyetchea","description":"","publisher":{"@id":"https:\/\/www.camping-goyetchea.com\/fr\/#organization"},"potentialAction":[{"@type":"SearchAction","target":{"@type":"EntryPoint","urlTemplate":"https:\/\/www.camping-goyetchea.com\/fr\/?s={search_term_string}"},"query-input":{"@type":"PropertyValueSpecification","valueRequired":true,"valueName":"search_term_string"}}],"inLanguage":"fr-FR"},{"@type":"Organization","@id":"https:\/\/www.camping-goyetchea.com\/fr\/#organization","name":"Camping Goyetchea","url":"https:\/\/www.camping-goyetchea.com\/fr\/","logo":{"@type":"ImageObject","inLanguage":"fr-FR","@id":"https:\/\/www.camping-goyetchea.com\/fr\/#\/schema\/logo\/image\/","url":"https:\/\/www.camping-goyetchea.com\/wp-content\/uploads\/2021\/09\/camping-goyetchea.png","contentUrl":"https:\/\/www.camping-goyetchea.com\/wp-content\/uploads\/2021\/09\/camping-goyetchea.png","width":283,"height":107,"caption":"Camping Goyetchea"},"image":{"@id":"https:\/\/www.camping-goyetchea.com\/fr\/#\/schema\/logo\/image\/"}}]}},"_links":{"self":[{"href":"https:\/\/www.camping-goyetchea.com\/fr\/wp-json\/wp\/v2\/pages\/5","targetHints":{"allow":["GET"]}}],"collection":[{"href":"https:\/\/www.camping-goyetchea.com\/fr\/wp-json\/wp\/v2\/pages"}],"about":[{"href":"https:\/\/www.camping-goyetchea.com\/fr\/wp-json\/wp\/v2\/types\/page"}],"author":[{"embeddable":true,"href":"https:\/\/www.camping-goyetchea.com\/fr\/wp-json\/wp\/v2\/users\/1"}],"replies":[{"embeddable":true,"href":"https:\/\/www.camping-goyetchea.com\/fr\/wp-json\/wp\/v2\/comments?post=5"}],"version-history":[{"count":6,"href":"https:\/\/www.camping-goyetchea.com\/fr\/wp-json\/wp\/v2\/pages\/5\/revisions"}],"predecessor-version":[{"id":2260,"href":"https:\/\/www.camping-goyetchea.com\/fr\/wp-json\/wp\/v2\/pages\/5\/revisions\/2260"}],"wp:attachment":[{"href":"https:\/\/www.camping-goyetchea.com\/fr\/wp-json\/wp\/v2\/media?parent=5"}],"curies":[{"name":"wp","href":"https:\/\/api.w.org\/{rel}","templated":true}]}}