{"id":334,"date":"2021-09-01T14:20:09","date_gmt":"2021-09-01T12:20:09","guid":{"rendered":"https:\/\/www.camping-goyetchea.com\/?page_id=334"},"modified":"2025-09-30T12:21:29","modified_gmt":"2025-09-30T10:21:29","slug":"camping-piscine-saint-pee-sur-nivelle","status":"publish","type":"page","link":"https:\/\/www.camping-goyetchea.com\/fr\/camping-piscine-saint-pee-sur-nivelle\/","title":{"rendered":"Piscine"},"content":{"rendered":"<section id=\"section-61321348287b8\"\" class=\"section p-x-6 fourth-home bg-white\" \/><div class=\"container full\"><h1 class=\"element section-title center p-b-6\">Camping avec piscine au Pays Basque<\/h1><div class=\"colonnes-wrap valign-middle \"><div class=\"element colonne bg-white p-8 text-left\"><h2 class=\"element section-title left\">Notre piscine chauff\u00e9e \u00e0 Saint-P\u00e9e-sur-Nivelle<\/h2><div class=\"element bloc-text left \">\n\t<p>Venez vous <strong class=\"bold color1\">baigner et prendre un bain de soleil<\/strong> en profitant de notre piscine au <a href=\"\/fr\/\">camping Goyetchea<\/a> avec vue sur les montagnes basques, d\u00e9couverte et\u00a0 chauff\u00e9e \u00e0 25\u00b0\/26\u00b0 ! Ouverte de mai \u00e0 mi septembre de 10h \u00e0 20h.<\/p>\n<p>Amusez vous et amusez vos enfants en faisant de superbes glissades dans notre <strong class=\"bold color1\">toboggan aquatique.<\/strong><\/p>\n<p><strong>Une<\/strong> <strong class=\"bold color1\">pataugeoire avec un toboggan <\/strong>est pr\u00e9vue pour les plus petits.<\/p>\n<p>\u00c0 noter toutefois, que les short de bain et les ballons sont interdits.<\/p>\n<\/div><\/div><div class=\"element colonne \"><div class=\"element images\"><div class=\"image\"><img decoding=\"async\" src=\"https:\/\/www.camping-goyetchea.com\/wp-content\/uploads\/2022\/07\/piscine-toboggan-goyetchea-100x73.jpg\" data-src=\"https:\/\/www.camping-goyetchea.com\/wp-content\/uploads\/2022\/07\/piscine-toboggan-goyetchea.jpg\" alt=\"piscine avec toboggan pays basque\" class=\"images_image\" \/><\/div><\/div><\/div><\/div><\/div><\/section>\n\n<section id=\"section-6132134828aac\"\" class=\"section p-y-3 bg-white p-t-0 p-b-0\" \/><div class=\"container full\"><div class=\"accordeon\"><div class=\"slide \"><div class=\"slide_image\"><img decoding=\"async\" src=\"https:\/\/www.camping-goyetchea.com\/wp-content\/uploads\/2022\/07\/camping-piscine-pays-basque-100x67.jpg\" data-src=\"https:\/\/www.camping-goyetchea.com\/wp-content\/uploads\/2022\/07\/camping-piscine-pays-basque.jpg\" alt=\"camping-piscine-pays-basque\" class=\"\" \/><\/div><\/div><div class=\"slide \"><div class=\"slide_image\"><img decoding=\"async\" src=\"https:\/\/www.camping-goyetchea.com\/wp-content\/uploads\/2022\/07\/goyetchea-piscine-toboggan-100x67.jpg\" data-src=\"https:\/\/www.camping-goyetchea.com\/wp-content\/uploads\/2022\/07\/goyetchea-piscine-toboggan.jpg\" alt=\"goyetchea-piscine-toboggan\" class=\"\" \/><\/div><\/div><div class=\"slide \"><div class=\"slide_image\"><img decoding=\"async\" src=\"https:\/\/www.camping-goyetchea.com\/wp-content\/uploads\/2021\/09\/tobbogan-piscine-camping-pays-basque-100x67.jpg\" data-src=\"https:\/\/www.camping-goyetchea.com\/wp-content\/uploads\/2021\/09\/tobbogan-piscine-camping-pays-basque.jpg\" alt=\"toboggan piscine camping pays basque\" class=\"\" \/><\/div><\/div><\/div><\/div><\/section>\n\n<section id=\"section-6132134828dbf\"\" class=\"section p-x-6 fifth-home bg-white\" \/><div class=\"container full\"><div class=\"colonnes-wrap valign-middle \"><div class=\"element colonne \"><div class=\"element images\"><div class=\"image\"><img decoding=\"async\" src=\"https:\/\/www.camping-goyetchea.com\/wp-content\/uploads\/2022\/07\/transats-camping-pays-basque-100x73.jpg\" data-src=\"https:\/\/www.camping-goyetchea.com\/wp-content\/uploads\/2022\/07\/transats-camping-pays-basque.jpg\" alt=\"camping avec piscine pays basque\" class=\"images_image\" \/><\/div><\/div><\/div><div class=\"element colonne bg-white p-8 text-right\"><h2 class=\"element section-title left\">Camping avec bains de soleil sur la c\u00f4te basque<\/h2><div class=\"element bloc-text left \">\n\t<p>Prenez un <strong class=\"bold color1\">bain de soleil<\/strong>, embellissez votre bronzage tout en vous pr\u00e9lassant en bord de piscine sur la <strong class=\"bold color1\">plage<\/strong> de notre camping ! Nos nombreux transats confortables vous attendent pour le <strong class=\"bold color1\">plus grand bonheur des amateurs de siestes ensoleill\u00e9es<\/strong>. La plage de 120m\u00b2 avec parasols en plus des transats vous offre une vue imprenable sur la Rhune.<\/p>\n<p>Faites \u00e9galement profiter vos enfants d\u2019une pataugeoire. Bronzer, se baigner, se relaxer tout en profitant d\u2019une vue <strong>sur des paysages superbes.<\/strong><\/p>\n<\/div><\/div><\/div><\/div><\/section>\n\n<section id=\"section-6135eeb2f386c\"\" class=\"section bg-white p-t-0\" \/><div class=\"container large\"><div class=\"element bloc-text\">\n\t<\/div><\/div><\/section>\n\n<section id=\"section-6132134829126\"\" class=\"section bg-white p-t-0\" \/><div class=\"container extralarge\"><div class=\"element section-title center\">D\u00e9couvrez nos animations au Pays Basque<\/div><ul class=\"liste-de-page\"><li class=\"element call-to-action carre call-to-action--style-1 call-to-action--big\"><a href=\"https:\/\/www.camping-goyetchea.com\/fr\/camping-familial-saint-pee-sur-nivelle\/\"  class=\"call-to-action_link\" title=\"En savoir plus sur le camping\"><div class=\"call-to-action_image\"><img decoding=\"async\" src=\"https:\/\/www.camping-goyetchea.com\/wp-content\/uploads\/2021\/09\/camping-goyetchea-100x70.jpg\" data-src=\"https:\/\/www.camping-goyetchea.com\/wp-content\/uploads\/2021\/09\/camping-goyetchea.jpg\" alt=\"camping goyetchea\" class=\"big\" \/><\/div><div class=\"call-to-action_contenu\"><div class=\"call-to-action_titre\">Le camping<\/div><\/div><\/a><\/li><li class=\"element call-to-action carre call-to-action--style-1 call-to-action--big call-to-action--style-1 call-to-action--big\"><a href=\"https:\/\/www.camping-goyetchea.com\/fr\/location-mobil-home-saint-pee-sur-nivelle\/\"  class=\"call-to-action_link\" title=\"En savoir plus sur nos locations\"><div class=\"call-to-action_image\"><img decoding=\"async\" src=\"https:\/\/www.camping-goyetchea.com\/wp-content\/uploads\/2021\/09\/mobil-home-pays-basque-71x100.jpg\" data-src=\"https:\/\/www.camping-goyetchea.com\/wp-content\/uploads\/2021\/09\/mobil-home-pays-basque.jpg\" alt=\"mobil home pays basque\" class=\"big\" \/><\/div><div class=\"call-to-action_contenu\"><div class=\"call-to-action_titre\">Nos locations<\/div><\/div><\/a><\/li><li class=\"element call-to-action carre call-to-action--style-1 call-to-action--big call-to-action--style-1 call-to-action--big call-to-action--style-1 call-to-action--big\"><a href=\"https:\/\/www.camping-goyetchea.com\/fr\/les-tarifs-du-camping-goyetchea\/\"  class=\"call-to-action_link\" title=\"En savoir plus sur nos tarifs\"><div class=\"call-to-action_image\"><img decoding=\"async\" src=\"https:\/\/www.camping-goyetchea.com\/wp-content\/uploads\/2021\/09\/reservation-pas-cher-pays-basque-100x70.jpg\" data-src=\"https:\/\/www.camping-goyetchea.com\/wp-content\/uploads\/2021\/09\/reservation-pas-cher-pays-basque.jpg\" alt=\"reservation pas cher pays-basque\" class=\"big\" \/><\/div><div class=\"call-to-action_contenu\"><div class=\"call-to-action_titre\">Nos tarifs<\/div><\/div><\/a><\/li><\/ul><\/div><\/section>","protected":false},"excerpt":{"rendered":"","protected":false},"author":1,"featured_media":2668,"parent":0,"menu_order":0,"comment_status":"closed","ping_status":"closed","template":"","meta":{"footnotes":""},"class_list":["post-334","page","type-page","status-publish","has-post-thumbnail","hentry"],"acf":[],"yoast_head":"<!-- This site is optimized with the Yoast SEO plugin v25.3 - https:\/\/yoast.com\/wordpress\/plugins\/seo\/ -->\n<title>Piscine chauff\u00e9e St-P\u00e9e-sur-Nivelle | Camping avec piscine pays basque<\/title>\n<meta name=\"description\" content=\"Piscine chauff\u00e9e en forme de L d&#039;une superficie de 140 m2. Une pataugeoire adapt\u00e9e pour les enfants de moins de 8 ans. La piscine est ouverte toute la saison.\" \/>\n<meta name=\"robots\" content=\"index, follow, max-snippet:-1, max-image-preview:large, max-video-preview:-1\" \/>\n<link rel=\"canonical\" href=\"https:\/\/www.camping-goyetchea.com\/fr\/camping-piscine-saint-pee-sur-nivelle\/\" \/>\n<meta property=\"og:locale\" content=\"fr_FR\" \/>\n<meta property=\"og:type\" content=\"article\" \/>\n<meta property=\"og:title\" content=\"Piscine chauff\u00e9e St-P\u00e9e-sur-Nivelle | Camping avec piscine pays basque\" \/>\n<meta property=\"og:description\" content=\"Piscine chauff\u00e9e en forme de L d&#039;une superficie de 140 m2. Une pataugeoire adapt\u00e9e pour les enfants de moins de 8 ans. La piscine est ouverte toute la saison.\" \/>\n<meta property=\"og:url\" content=\"https:\/\/www.camping-goyetchea.com\/fr\/camping-piscine-saint-pee-sur-nivelle\/\" \/>\n<meta property=\"og:site_name\" content=\"Camping Goyetchea\" \/>\n<meta property=\"article:modified_time\" content=\"2025-09-30T10:21:29+00:00\" \/>\n<meta property=\"og:image\" content=\"https:\/\/www.camping-goyetchea.com\/wp-content\/uploads\/2023\/08\/camping-piscine-pays-basque.jpg\" \/>\n\t<meta property=\"og:image:width\" content=\"1920\" \/>\n\t<meta property=\"og:image:height\" content=\"765\" \/>\n\t<meta property=\"og:image:type\" content=\"image\/jpeg\" \/>\n<meta name=\"twitter:card\" content=\"summary_large_image\" \/>\n<meta name=\"twitter:label1\" content=\"Dur\u00e9e de lecture estim\u00e9e\" \/>\n\t<meta name=\"twitter:data1\" content=\"1 minute\" \/>\n<script type=\"application\/ld+json\" class=\"yoast-schema-graph\">{\"@context\":\"https:\/\/schema.org\",\"@graph\":[{\"@type\":\"WebPage\",\"@id\":\"https:\/\/www.camping-goyetchea.com\/fr\/camping-piscine-saint-pee-sur-nivelle\/\",\"url\":\"https:\/\/www.camping-goyetchea.com\/fr\/camping-piscine-saint-pee-sur-nivelle\/\",\"name\":\"Piscine chauff\u00e9e St-P\u00e9e-sur-Nivelle | Camping avec piscine pays basque\",\"isPartOf\":{\"@id\":\"https:\/\/www.camping-goyetchea.com\/fr\/#website\"},\"primaryImageOfPage\":{\"@id\":\"https:\/\/www.camping-goyetchea.com\/fr\/camping-piscine-saint-pee-sur-nivelle\/#primaryimage\"},\"image\":{\"@id\":\"https:\/\/www.camping-goyetchea.com\/fr\/camping-piscine-saint-pee-sur-nivelle\/#primaryimage\"},\"thumbnailUrl\":\"https:\/\/www.camping-goyetchea.com\/wp-content\/uploads\/2023\/08\/camping-piscine-pays-basque.jpg\",\"datePublished\":\"2021-09-01T12:20:09+00:00\",\"dateModified\":\"2025-09-30T10:21:29+00:00\",\"description\":\"Piscine chauff\u00e9e en forme de L d'une superficie de 140 m2. Une pataugeoire adapt\u00e9e pour les enfants de moins de 8 ans. La piscine est ouverte toute la saison.\",\"breadcrumb\":{\"@id\":\"https:\/\/www.camping-goyetchea.com\/fr\/camping-piscine-saint-pee-sur-nivelle\/#breadcrumb\"},\"inLanguage\":\"fr-FR\",\"potentialAction\":[{\"@type\":\"ReadAction\",\"target\":[\"https:\/\/www.camping-goyetchea.com\/fr\/camping-piscine-saint-pee-sur-nivelle\/\"]}]},{\"@type\":\"ImageObject\",\"inLanguage\":\"fr-FR\",\"@id\":\"https:\/\/www.camping-goyetchea.com\/fr\/camping-piscine-saint-pee-sur-nivelle\/#primaryimage\",\"url\":\"https:\/\/www.camping-goyetchea.com\/wp-content\/uploads\/2023\/08\/camping-piscine-pays-basque.jpg\",\"contentUrl\":\"https:\/\/www.camping-goyetchea.com\/wp-content\/uploads\/2023\/08\/camping-piscine-pays-basque.jpg\",\"width\":1920,\"height\":765,\"caption\":\"camping piscine pays basque\"},{\"@type\":\"BreadcrumbList\",\"@id\":\"https:\/\/www.camping-goyetchea.com\/fr\/camping-piscine-saint-pee-sur-nivelle\/#breadcrumb\",\"itemListElement\":[{\"@type\":\"ListItem\",\"position\":1,\"name\":\"Camping Pays Basque\",\"item\":\"https:\/\/www.camping-goyetchea.com\/fr\/\"},{\"@type\":\"ListItem\",\"position\":2,\"name\":\"Camping avec piscine chauff\u00e9e \u00e0 Saint-P\u00e9e-sur-Nivelle\"}]},{\"@type\":\"WebSite\",\"@id\":\"https:\/\/www.camping-goyetchea.com\/fr\/#website\",\"url\":\"https:\/\/www.camping-goyetchea.com\/fr\/\",\"name\":\"Camping Goyetchea\",\"description\":\"\",\"publisher\":{\"@id\":\"https:\/\/www.camping-goyetchea.com\/fr\/#organization\"},\"potentialAction\":[{\"@type\":\"SearchAction\",\"target\":{\"@type\":\"EntryPoint\",\"urlTemplate\":\"https:\/\/www.camping-goyetchea.com\/fr\/?s={search_term_string}\"},\"query-input\":{\"@type\":\"PropertyValueSpecification\",\"valueRequired\":true,\"valueName\":\"search_term_string\"}}],\"inLanguage\":\"fr-FR\"},{\"@type\":\"Organization\",\"@id\":\"https:\/\/www.camping-goyetchea.com\/fr\/#organization\",\"name\":\"Camping Goyetchea\",\"url\":\"https:\/\/www.camping-goyetchea.com\/fr\/\",\"logo\":{\"@type\":\"ImageObject\",\"inLanguage\":\"fr-FR\",\"@id\":\"https:\/\/www.camping-goyetchea.com\/fr\/#\/schema\/logo\/image\/\",\"url\":\"https:\/\/www.camping-goyetchea.com\/wp-content\/uploads\/2021\/09\/camping-goyetchea.png\",\"contentUrl\":\"https:\/\/www.camping-goyetchea.com\/wp-content\/uploads\/2021\/09\/camping-goyetchea.png\",\"width\":283,\"height\":107,\"caption\":\"Camping Goyetchea\"},\"image\":{\"@id\":\"https:\/\/www.camping-goyetchea.com\/fr\/#\/schema\/logo\/image\/\"}}]}<\/script>\n<!-- \/ Yoast SEO plugin. -->","yoast_head_json":{"title":"Piscine chauff\u00e9e St-P\u00e9e-sur-Nivelle | Camping avec piscine pays basque","description":"Piscine chauff\u00e9e en forme de L d'une superficie de 140 m2. Une pataugeoire adapt\u00e9e pour les enfants de moins de 8 ans. La piscine est ouverte toute la saison.","robots":{"index":"index","follow":"follow","max-snippet":"max-snippet:-1","max-image-preview":"max-image-preview:large","max-video-preview":"max-video-preview:-1"},"canonical":"https:\/\/www.camping-goyetchea.com\/fr\/camping-piscine-saint-pee-sur-nivelle\/","og_locale":"fr_FR","og_type":"article","og_title":"Piscine chauff\u00e9e St-P\u00e9e-sur-Nivelle | Camping avec piscine pays basque","og_description":"Piscine chauff\u00e9e en forme de L d'une superficie de 140 m2. Une pataugeoire adapt\u00e9e pour les enfants de moins de 8 ans. La piscine est ouverte toute la saison.","og_url":"https:\/\/www.camping-goyetchea.com\/fr\/camping-piscine-saint-pee-sur-nivelle\/","og_site_name":"Camping Goyetchea","article_modified_time":"2025-09-30T10:21:29+00:00","og_image":[{"width":1920,"height":765,"url":"https:\/\/www.camping-goyetchea.com\/wp-content\/uploads\/2023\/08\/camping-piscine-pays-basque.jpg","type":"image\/jpeg"}],"twitter_card":"summary_large_image","twitter_misc":{"Dur\u00e9e de lecture estim\u00e9e":"1 minute"},"schema":{"@context":"https:\/\/schema.org","@graph":[{"@type":"WebPage","@id":"https:\/\/www.camping-goyetchea.com\/fr\/camping-piscine-saint-pee-sur-nivelle\/","url":"https:\/\/www.camping-goyetchea.com\/fr\/camping-piscine-saint-pee-sur-nivelle\/","name":"Piscine chauff\u00e9e St-P\u00e9e-sur-Nivelle | Camping avec piscine pays basque","isPartOf":{"@id":"https:\/\/www.camping-goyetchea.com\/fr\/#website"},"primaryImageOfPage":{"@id":"https:\/\/www.camping-goyetchea.com\/fr\/camping-piscine-saint-pee-sur-nivelle\/#primaryimage"},"image":{"@id":"https:\/\/www.camping-goyetchea.com\/fr\/camping-piscine-saint-pee-sur-nivelle\/#primaryimage"},"thumbnailUrl":"https:\/\/www.camping-goyetchea.com\/wp-content\/uploads\/2023\/08\/camping-piscine-pays-basque.jpg","datePublished":"2021-09-01T12:20:09+00:00","dateModified":"2025-09-30T10:21:29+00:00","description":"Piscine chauff\u00e9e en forme de L d'une superficie de 140 m2. Une pataugeoire adapt\u00e9e pour les enfants de moins de 8 ans. La piscine est ouverte toute la saison.","breadcrumb":{"@id":"https:\/\/www.camping-goyetchea.com\/fr\/camping-piscine-saint-pee-sur-nivelle\/#breadcrumb"},"inLanguage":"fr-FR","potentialAction":[{"@type":"ReadAction","target":["https:\/\/www.camping-goyetchea.com\/fr\/camping-piscine-saint-pee-sur-nivelle\/"]}]},{"@type":"ImageObject","inLanguage":"fr-FR","@id":"https:\/\/www.camping-goyetchea.com\/fr\/camping-piscine-saint-pee-sur-nivelle\/#primaryimage","url":"https:\/\/www.camping-goyetchea.com\/wp-content\/uploads\/2023\/08\/camping-piscine-pays-basque.jpg","contentUrl":"https:\/\/www.camping-goyetchea.com\/wp-content\/uploads\/2023\/08\/camping-piscine-pays-basque.jpg","width":1920,"height":765,"caption":"camping piscine pays basque"},{"@type":"BreadcrumbList","@id":"https:\/\/www.camping-goyetchea.com\/fr\/camping-piscine-saint-pee-sur-nivelle\/#breadcrumb","itemListElement":[{"@type":"ListItem","position":1,"name":"Camping Pays Basque","item":"https:\/\/www.camping-goyetchea.com\/fr\/"},{"@type":"ListItem","position":2,"name":"Camping avec piscine chauff\u00e9e \u00e0 Saint-P\u00e9e-sur-Nivelle"}]},{"@type":"WebSite","@id":"https:\/\/www.camping-goyetchea.com\/fr\/#website","url":"https:\/\/www.camping-goyetchea.com\/fr\/","name":"Camping Goyetchea","description":"","publisher":{"@id":"https:\/\/www.camping-goyetchea.com\/fr\/#organization"},"potentialAction":[{"@type":"SearchAction","target":{"@type":"EntryPoint","urlTemplate":"https:\/\/www.camping-goyetchea.com\/fr\/?s={search_term_string}"},"query-input":{"@type":"PropertyValueSpecification","valueRequired":true,"valueName":"search_term_string"}}],"inLanguage":"fr-FR"},{"@type":"Organization","@id":"https:\/\/www.camping-goyetchea.com\/fr\/#organization","name":"Camping Goyetchea","url":"https:\/\/www.camping-goyetchea.com\/fr\/","logo":{"@type":"ImageObject","inLanguage":"fr-FR","@id":"https:\/\/www.camping-goyetchea.com\/fr\/#\/schema\/logo\/image\/","url":"https:\/\/www.camping-goyetchea.com\/wp-content\/uploads\/2021\/09\/camping-goyetchea.png","contentUrl":"https:\/\/www.camping-goyetchea.com\/wp-content\/uploads\/2021\/09\/camping-goyetchea.png","width":283,"height":107,"caption":"Camping Goyetchea"},"image":{"@id":"https:\/\/www.camping-goyetchea.com\/fr\/#\/schema\/logo\/image\/"}}]}},"_links":{"self":[{"href":"https:\/\/www.camping-goyetchea.com\/fr\/wp-json\/wp\/v2\/pages\/334","targetHints":{"allow":["GET"]}}],"collection":[{"href":"https:\/\/www.camping-goyetchea.com\/fr\/wp-json\/wp\/v2\/pages"}],"about":[{"href":"https:\/\/www.camping-goyetchea.com\/fr\/wp-json\/wp\/v2\/types\/page"}],"author":[{"embeddable":true,"href":"https:\/\/www.camping-goyetchea.com\/fr\/wp-json\/wp\/v2\/users\/1"}],"replies":[{"embeddable":true,"href":"https:\/\/www.camping-goyetchea.com\/fr\/wp-json\/wp\/v2\/comments?post=334"}],"version-history":[{"count":108,"href":"https:\/\/www.camping-goyetchea.com\/fr\/wp-json\/wp\/v2\/pages\/334\/revisions"}],"predecessor-version":[{"id":3407,"href":"https:\/\/www.camping-goyetchea.com\/fr\/wp-json\/wp\/v2\/pages\/334\/revisions\/3407"}],"wp:featuredmedia":[{"embeddable":true,"href":"https:\/\/www.camping-goyetchea.com\/fr\/wp-json\/wp\/v2\/media\/2668"}],"wp:attachment":[{"href":"https:\/\/www.camping-goyetchea.com\/fr\/wp-json\/wp\/v2\/media?parent=334"}],"curies":[{"name":"wp","href":"https:\/\/api.w.org\/{rel}","templated":true}]}}