{"id":332,"date":"2021-09-01T14:19:26","date_gmt":"2021-09-01T12:19:26","guid":{"rendered":"https:\/\/www.camping-goyetchea.com\/?page_id=332"},"modified":"2026-02-03T18:34:06","modified_gmt":"2026-02-03T17:34:06","slug":"les-tarifs-du-camping-goyetchea","status":"publish","type":"page","link":"https:\/\/www.camping-goyetchea.com\/fr\/les-tarifs-du-camping-goyetchea\/","title":{"rendered":"H\u00e9bergements : Tarifs"},"content":{"rendered":"<section id=\"section-61321348287b8\"\" class=\"section p-x-6 fourth-home bg-white p-b-0\" \/><div class=\"container full\"><h1 class=\"element section-title center p-b-6\">Les tarifs du camping Goyetchea<\/h1><h3 class=\"element section-title center\">Le camping est ouvert du 13 mai au 13 septembre 2026<\/h3><\/div><\/section>\n\n<section id=\"section-61321348287b8\"\" class=\"section p-x-6 fourth-home center bg-white p-t-0 p-b-0\" \/><div class=\"container extralarge\"><div class=\"element bloc-text\">\n\t<script>\r\n    window.ctoutvert = {\r\n\t\tid: 5337, \r\n\t\tlang: 'auto', \r\n\t\turl: 'https:\/\/bookingpremium.secureholiday.net\/widgets\/'\r\n    };\r\n\r\n    (function (w, d, s, ctv, r, js, fjs) {\r\n        r=new XMLHttpRequest();r.open('GET',w[ctv].url+'js\/src.json');\r\n        r.responseType='json';r.json=true;r.send();\r\n        r.onload=function(){w[ctv].src=r.responseType=='json'?r.response:JSON.parse(r.response);\r\n        js.src=w[ctv].src[0];fjs.parentNode.insertBefore(js, fjs);}\r\n        js=d.createElement(s),fjs=d.getElementsByTagName(s)[0];\r\n        js.id='ctvwidget';js.async=1;\r\n    }(window, document, 'script', 'ctoutvert'));\r\n<\/script>\r\n<ctv-availability data-background-color='#FFFFFFFF' ><\/ctv-availability><\/div><\/div><\/section>\n\n<section id=\"section-third\"\" class=\"section p-x-6 fourth-home bg-white p-t-0\" \/><div class=\"container full\"><div class=\"colonnes-wrap valign-middle \"><div class=\"element colonne bg-white p-8 text-left\"><h2 class=\"element section-title left\">Camping \u00e0 Saint-P\u00e9e-sur-Nivelle<\/h2><div class=\"element bloc-text left \">\n\t<p>Au camping Goyetchea, nous proposons des <strong class=\"bold color1\">locations <\/strong>. \u00c0 partir de 329\u20ac\/semaine, vous pourrez loger dans l\u2019un de nos 37 <a href=\"\/fr\/location-mobil-home-saint-pee-sur-nivelle\/\">mobil-homes au pays basque<\/a>. Quant \u00e0 nos tentes, elles sont disponibles \u00e0 partir de 210\u20ac.<\/p>\n<p>Vous pouvez louer un <strong class=\"bold color1\">emplacements caravane<\/strong>, camping-car ou tente \u00e0 la semaine, \u00e0 la quinzaine, au week-end (basse saison) ou selon vos dates libres pr\u00e9f\u00e9r\u00e9es.<\/p>\n<ul>\n<li>1 \u00e0 2 personnes avec 1 voiture : \u00e0 partir de 15\u20ac en basse saison<\/li>\n<li>1 personne suppl\u00e9mentaire de + 7 ans : de 4\u20ac \u00e0 8\u20ac selon la p\u00e9riode ;<\/li>\n<li>Les enfants de 2 \u00e0 7 ans profitent d\u2019un tarif pr\u00e9f\u00e9rentiel : de 3\u20ac \u00e0 6\u20ac selon la p\u00e9riode. et pour les plus petits c&rsquo;est gratuit!<\/li>\n<li>Les chiens sont accept\u00e9s sur les emplacements: de 2\u20ac \u00e0 3\u20ac selon la p\u00e9riode.<\/li>\n<\/ul>\n<p>EARLY BOOKING: 10 % DE REMISE SI VOUS RESERVEZ 2 SEMAINES CONSECUTIVES EN LOCATION AVANT LE 31 DECEMBRE 2025<\/p>\n<\/div><\/div><div class=\"element colonne \"><div class=\"element images\"><div class=\"image\"><img decoding=\"async\" src=\"https:\/\/www.camping-goyetchea.com\/wp-content\/uploads\/2021\/09\/camping-petit-prix-saint-pee-sur-nivelle-100x73.jpg\" data-src=\"https:\/\/www.camping-goyetchea.com\/wp-content\/uploads\/2021\/09\/camping-petit-prix-saint-pee-sur-nivelle.jpg\" alt=\"location insolite pas cher Pays-basque\" class=\"images_image\" \/><\/div><\/div><\/div><\/div><\/div><\/section>\n\n<section id=\"section-6132134828aac\"\" class=\"section p-y-3 bg-white p-t-0 p-b-0\" \/><div class=\"container full\"><div class=\"accordeon\"><div class=\"slide \"><div class=\"slide_image\"><img decoding=\"async\" src=\"https:\/\/www.camping-goyetchea.com\/wp-content\/uploads\/2021\/09\/exterieur-insolite-pays-basque-100x67.jpg\" data-src=\"https:\/\/www.camping-goyetchea.com\/wp-content\/uploads\/2021\/09\/exterieur-insolite-pays-basque.jpg\" alt=\"hebergement insolite pas cher pays basque\" class=\"\" \/><\/div><\/div><div class=\"slide \"><div class=\"slide_image\"><img decoding=\"async\" src=\"https:\/\/www.camping-goyetchea.com\/wp-content\/uploads\/2025\/05\/hebergement-insolite-pays-basque-100x75.jpg\" data-src=\"https:\/\/www.camping-goyetchea.com\/wp-content\/uploads\/2025\/05\/hebergement-insolite-pays-basque.jpg\" alt=\"\" class=\"\" \/><\/div><\/div><div class=\"slide \"><div class=\"slide_image\"><img decoding=\"async\" src=\"https:\/\/www.camping-goyetchea.com\/wp-content\/uploads\/2021\/09\/camping-terrain-pays-basque-100x73.jpg\" data-src=\"https:\/\/www.camping-goyetchea.com\/wp-content\/uploads\/2021\/09\/camping-terrain-pays-basque.jpg\" alt=\"camping terrain pays basque\" class=\"\" \/><\/div><\/div><\/div><\/div><\/section>\n\n<section id=\"section-6132134828dbf\"\" class=\"section p-x-6 fifth-home bg-white\" \/><div class=\"container full\"><div class=\"colonnes-wrap valign-middle \"><\/div><\/div><\/section>\n\n<section id=\"section-last\"\" class=\"section p-x-6 fourth-home bg-white\" \/><div class=\"container full\"><div class=\"colonnes-wrap valign-middle \"><div class=\"element colonne bg-white p-8 text-left\"><h2 class=\"element section-title left\">R\u00e9servez en direct<\/h2><div class=\"element bloc-text left \">\n\t<p>Pour b\u00e9n\u00e9ficier du meilleur prix, r\u00e9servez en direct sur le site web de notre camping du Pays Basque !<\/p>\n<p>Les offres sp\u00e9ciales et autres r\u00e9ductions seront directement affich\u00e9es sur la page. Pour ce faire, il vous suffit de vous rendre sur la page \u201cTarifs et disponibilit\u00e9s\u201d de notre <a href=\"\/fr\/\">camping de Saint-P\u00e9e-sur-Nivelle<\/a>.<\/p>\n<p>Choisissez vos dates, l&rsquo;<a href=\"\/fr\/location-mobil-home-saint-pee-sur-nivelle\/\">h\u00e9bergement<\/a> et\/ou l\u2019<a href=\"\/fr\/location-emplacement-saint-pee-sur-nivelle\/\">emplacement en location<\/a> que vous pr\u00e9f\u00e9rez et r\u00e9servez !<\/p>\n<\/div><\/div><div class=\"element colonne \"><div class=\"element images\"><div class=\"image\"><img decoding=\"async\" src=\"https:\/\/www.camping-goyetchea.com\/wp-content\/uploads\/2021\/09\/mobil-home-pays-basque-1-100x73.jpg\" data-src=\"https:\/\/www.camping-goyetchea.com\/wp-content\/uploads\/2021\/09\/mobil-home-pays-basque-1.jpg\" alt=\"mobil-home pas cher pays-basque\" class=\"images_image\" \/><\/div><\/div><\/div><\/div><\/div><\/section>\n\n<section id=\"section-6132134829126\"\" class=\"section bg-white p-t-0\" \/><div class=\"container extralarge\"><div class=\"element section-title center\">D\u00e9couvrez nos locatifs et emplacements au Pays-Basque<\/div><ul class=\"liste-de-page\"><li class=\"element call-to-action carre call-to-action--style-1 call-to-action--big\"><a href=\"https:\/\/www.camping-goyetchea.com\/fr\/location-mobil-home-saint-pee-sur-nivelle\/\"  class=\"call-to-action_link\" title=\"En savoir plus sur nos locations\"><div class=\"call-to-action_image\"><img decoding=\"async\" src=\"https:\/\/www.camping-goyetchea.com\/wp-content\/uploads\/2021\/09\/mobil-home-pays-basque-71x100.jpg\" data-src=\"https:\/\/www.camping-goyetchea.com\/wp-content\/uploads\/2021\/09\/mobil-home-pays-basque.jpg\" alt=\"mobil home pays basque\" class=\"big\" \/><\/div><div class=\"call-to-action_contenu\"><div class=\"call-to-action_titre\">Nos locations<\/div><\/div><\/a><\/li><li class=\"element call-to-action carre call-to-action--style-1 call-to-action--big call-to-action--style-1 call-to-action--big\"><a href=\"https:\/\/www.camping-goyetchea.com\/fr\/location-emplacement-saint-pee-sur-nivelle\/\"  class=\"call-to-action_link\" title=\"En savoir plus sur nos emplacements\"><div class=\"call-to-action_image\"><img decoding=\"async\" src=\"https:\/\/www.camping-goyetchea.com\/wp-content\/uploads\/2021\/09\/tente-pays-basque-71x100.jpg\" data-src=\"https:\/\/www.camping-goyetchea.com\/wp-content\/uploads\/2021\/09\/tente-pays-basque.jpg\" alt=\"tente pays basque\" class=\"big\" \/><\/div><div class=\"call-to-action_contenu\"><div class=\"call-to-action_titre\">Nos emplacements<\/div><\/div><\/a><\/li><li class=\"element call-to-action carre call-to-action--style-1 call-to-action--big call-to-action--style-1 call-to-action--big call-to-action--style-1 call-to-action--big\"><a href=\"https:\/\/www.camping-goyetchea.com\/fr\/camping-piscine-saint-pee-sur-nivelle\/\"  class=\"call-to-action_link\" title=\"En savoir plus sur notre piscine\"><div class=\"call-to-action_image\"><img decoding=\"async\" src=\"https:\/\/www.camping-goyetchea.com\/wp-content\/uploads\/2021\/09\/camping-piscine-chauffee-pays-basque-100x70.jpg\" data-src=\"https:\/\/www.camping-goyetchea.com\/wp-content\/uploads\/2021\/09\/camping-piscine-chauffee-pays-basque.jpg\" alt=\"camping piscine chauffee pays basque\" class=\"big\" \/><\/div><div class=\"call-to-action_contenu\"><div class=\"call-to-action_titre\">Notre piscine<\/div><\/div><\/a><\/li><\/ul><\/div><\/section>","protected":false},"excerpt":{"rendered":"","protected":false},"author":1,"featured_media":722,"parent":0,"menu_order":0,"comment_status":"closed","ping_status":"closed","template":"","meta":{"footnotes":""},"class_list":["post-332","page","type-page","status-publish","has-post-thumbnail","hentry"],"acf":[],"yoast_head":"<!-- This site is optimized with the Yoast SEO plugin v25.3 - https:\/\/yoast.com\/wordpress\/plugins\/seo\/ -->\n<title>Camping au Pays Basque, Saint P\u00e9e Sur Nivelle<\/title>\n<meta name=\"description\" content=\"Venez d\u00e9couvrir nos emplacements et nos h\u00e9bergements au c\u0153ur du Pays basque, pr\u00e8s de Biarritz et de Saint Jean de Luz\" \/>\n<meta name=\"robots\" content=\"index, follow, max-snippet:-1, max-image-preview:large, max-video-preview:-1\" \/>\n<link rel=\"canonical\" href=\"https:\/\/www.camping-goyetchea.com\/fr\/les-tarifs-du-camping-goyetchea\/\" \/>\n<meta property=\"og:locale\" content=\"fr_FR\" \/>\n<meta property=\"og:type\" content=\"article\" \/>\n<meta property=\"og:title\" content=\"Camping au Pays Basque, Saint P\u00e9e Sur Nivelle\" \/>\n<meta property=\"og:description\" content=\"Venez d\u00e9couvrir nos emplacements et nos h\u00e9bergements au c\u0153ur du Pays basque, pr\u00e8s de Biarritz et de Saint Jean de Luz\" \/>\n<meta property=\"og:url\" content=\"https:\/\/www.camping-goyetchea.com\/fr\/les-tarifs-du-camping-goyetchea\/\" \/>\n<meta property=\"og:site_name\" content=\"Camping Goyetchea\" \/>\n<meta property=\"article:modified_time\" content=\"2026-02-03T17:34:06+00:00\" \/>\n<meta property=\"og:image\" content=\"https:\/\/www.camping-goyetchea.com\/wp-content\/uploads\/2021\/09\/location-pas-cher-pays-basque.jpg\" \/>\n\t<meta property=\"og:image:width\" content=\"1903\" \/>\n\t<meta property=\"og:image:height\" content=\"550\" \/>\n\t<meta property=\"og:image:type\" content=\"image\/jpeg\" \/>\n<meta name=\"twitter:card\" content=\"summary_large_image\" \/>\n<meta name=\"twitter:label1\" content=\"Dur\u00e9e de lecture estim\u00e9e\" \/>\n\t<meta name=\"twitter:data1\" content=\"1 minute\" \/>\n<script type=\"application\/ld+json\" class=\"yoast-schema-graph\">{\"@context\":\"https:\/\/schema.org\",\"@graph\":[{\"@type\":\"WebPage\",\"@id\":\"https:\/\/www.camping-goyetchea.com\/fr\/les-tarifs-du-camping-goyetchea\/\",\"url\":\"https:\/\/www.camping-goyetchea.com\/fr\/les-tarifs-du-camping-goyetchea\/\",\"name\":\"Camping au Pays Basque, Saint P\u00e9e Sur Nivelle\",\"isPartOf\":{\"@id\":\"https:\/\/www.camping-goyetchea.com\/fr\/#website\"},\"primaryImageOfPage\":{\"@id\":\"https:\/\/www.camping-goyetchea.com\/fr\/les-tarifs-du-camping-goyetchea\/#primaryimage\"},\"image\":{\"@id\":\"https:\/\/www.camping-goyetchea.com\/fr\/les-tarifs-du-camping-goyetchea\/#primaryimage\"},\"thumbnailUrl\":\"https:\/\/www.camping-goyetchea.com\/wp-content\/uploads\/2021\/09\/location-pas-cher-pays-basque.jpg\",\"datePublished\":\"2021-09-01T12:19:26+00:00\",\"dateModified\":\"2026-02-03T17:34:06+00:00\",\"description\":\"Venez d\u00e9couvrir nos emplacements et nos h\u00e9bergements au c\u0153ur du Pays basque, pr\u00e8s de Biarritz et de Saint Jean de Luz\",\"breadcrumb\":{\"@id\":\"https:\/\/www.camping-goyetchea.com\/fr\/les-tarifs-du-camping-goyetchea\/#breadcrumb\"},\"inLanguage\":\"fr-FR\",\"potentialAction\":[{\"@type\":\"ReadAction\",\"target\":[\"https:\/\/www.camping-goyetchea.com\/fr\/les-tarifs-du-camping-goyetchea\/\"]}]},{\"@type\":\"ImageObject\",\"inLanguage\":\"fr-FR\",\"@id\":\"https:\/\/www.camping-goyetchea.com\/fr\/les-tarifs-du-camping-goyetchea\/#primaryimage\",\"url\":\"https:\/\/www.camping-goyetchea.com\/wp-content\/uploads\/2021\/09\/location-pas-cher-pays-basque.jpg\",\"contentUrl\":\"https:\/\/www.camping-goyetchea.com\/wp-content\/uploads\/2021\/09\/location-pas-cher-pays-basque.jpg\",\"width\":1903,\"height\":550,\"caption\":\"location pas cher pays-basque\"},{\"@type\":\"BreadcrumbList\",\"@id\":\"https:\/\/www.camping-goyetchea.com\/fr\/les-tarifs-du-camping-goyetchea\/#breadcrumb\",\"itemListElement\":[{\"@type\":\"ListItem\",\"position\":1,\"name\":\"Camping Pays Basque\",\"item\":\"https:\/\/www.camping-goyetchea.com\/fr\/\"},{\"@type\":\"ListItem\",\"position\":2,\"name\":\"Les tarifs du camping Goyetchea\"}]},{\"@type\":\"WebSite\",\"@id\":\"https:\/\/www.camping-goyetchea.com\/fr\/#website\",\"url\":\"https:\/\/www.camping-goyetchea.com\/fr\/\",\"name\":\"Camping Goyetchea\",\"description\":\"\",\"publisher\":{\"@id\":\"https:\/\/www.camping-goyetchea.com\/fr\/#organization\"},\"potentialAction\":[{\"@type\":\"SearchAction\",\"target\":{\"@type\":\"EntryPoint\",\"urlTemplate\":\"https:\/\/www.camping-goyetchea.com\/fr\/?s={search_term_string}\"},\"query-input\":{\"@type\":\"PropertyValueSpecification\",\"valueRequired\":true,\"valueName\":\"search_term_string\"}}],\"inLanguage\":\"fr-FR\"},{\"@type\":\"Organization\",\"@id\":\"https:\/\/www.camping-goyetchea.com\/fr\/#organization\",\"name\":\"Camping Goyetchea\",\"url\":\"https:\/\/www.camping-goyetchea.com\/fr\/\",\"logo\":{\"@type\":\"ImageObject\",\"inLanguage\":\"fr-FR\",\"@id\":\"https:\/\/www.camping-goyetchea.com\/fr\/#\/schema\/logo\/image\/\",\"url\":\"https:\/\/www.camping-goyetchea.com\/wp-content\/uploads\/2021\/09\/camping-goyetchea.png\",\"contentUrl\":\"https:\/\/www.camping-goyetchea.com\/wp-content\/uploads\/2021\/09\/camping-goyetchea.png\",\"width\":283,\"height\":107,\"caption\":\"Camping Goyetchea\"},\"image\":{\"@id\":\"https:\/\/www.camping-goyetchea.com\/fr\/#\/schema\/logo\/image\/\"}}]}<\/script>\n<!-- \/ Yoast SEO plugin. -->","yoast_head_json":{"title":"Camping au Pays Basque, Saint P\u00e9e Sur Nivelle","description":"Venez d\u00e9couvrir nos emplacements et nos h\u00e9bergements au c\u0153ur du Pays basque, pr\u00e8s de Biarritz et de Saint Jean de Luz","robots":{"index":"index","follow":"follow","max-snippet":"max-snippet:-1","max-image-preview":"max-image-preview:large","max-video-preview":"max-video-preview:-1"},"canonical":"https:\/\/www.camping-goyetchea.com\/fr\/les-tarifs-du-camping-goyetchea\/","og_locale":"fr_FR","og_type":"article","og_title":"Camping au Pays Basque, Saint P\u00e9e Sur Nivelle","og_description":"Venez d\u00e9couvrir nos emplacements et nos h\u00e9bergements au c\u0153ur du Pays basque, pr\u00e8s de Biarritz et de Saint Jean de Luz","og_url":"https:\/\/www.camping-goyetchea.com\/fr\/les-tarifs-du-camping-goyetchea\/","og_site_name":"Camping Goyetchea","article_modified_time":"2026-02-03T17:34:06+00:00","og_image":[{"width":1903,"height":550,"url":"https:\/\/www.camping-goyetchea.com\/wp-content\/uploads\/2021\/09\/location-pas-cher-pays-basque.jpg","type":"image\/jpeg"}],"twitter_card":"summary_large_image","twitter_misc":{"Dur\u00e9e de lecture estim\u00e9e":"1 minute"},"schema":{"@context":"https:\/\/schema.org","@graph":[{"@type":"WebPage","@id":"https:\/\/www.camping-goyetchea.com\/fr\/les-tarifs-du-camping-goyetchea\/","url":"https:\/\/www.camping-goyetchea.com\/fr\/les-tarifs-du-camping-goyetchea\/","name":"Camping au Pays Basque, Saint P\u00e9e Sur Nivelle","isPartOf":{"@id":"https:\/\/www.camping-goyetchea.com\/fr\/#website"},"primaryImageOfPage":{"@id":"https:\/\/www.camping-goyetchea.com\/fr\/les-tarifs-du-camping-goyetchea\/#primaryimage"},"image":{"@id":"https:\/\/www.camping-goyetchea.com\/fr\/les-tarifs-du-camping-goyetchea\/#primaryimage"},"thumbnailUrl":"https:\/\/www.camping-goyetchea.com\/wp-content\/uploads\/2021\/09\/location-pas-cher-pays-basque.jpg","datePublished":"2021-09-01T12:19:26+00:00","dateModified":"2026-02-03T17:34:06+00:00","description":"Venez d\u00e9couvrir nos emplacements et nos h\u00e9bergements au c\u0153ur du Pays basque, pr\u00e8s de Biarritz et de Saint Jean de Luz","breadcrumb":{"@id":"https:\/\/www.camping-goyetchea.com\/fr\/les-tarifs-du-camping-goyetchea\/#breadcrumb"},"inLanguage":"fr-FR","potentialAction":[{"@type":"ReadAction","target":["https:\/\/www.camping-goyetchea.com\/fr\/les-tarifs-du-camping-goyetchea\/"]}]},{"@type":"ImageObject","inLanguage":"fr-FR","@id":"https:\/\/www.camping-goyetchea.com\/fr\/les-tarifs-du-camping-goyetchea\/#primaryimage","url":"https:\/\/www.camping-goyetchea.com\/wp-content\/uploads\/2021\/09\/location-pas-cher-pays-basque.jpg","contentUrl":"https:\/\/www.camping-goyetchea.com\/wp-content\/uploads\/2021\/09\/location-pas-cher-pays-basque.jpg","width":1903,"height":550,"caption":"location pas cher pays-basque"},{"@type":"BreadcrumbList","@id":"https:\/\/www.camping-goyetchea.com\/fr\/les-tarifs-du-camping-goyetchea\/#breadcrumb","itemListElement":[{"@type":"ListItem","position":1,"name":"Camping Pays Basque","item":"https:\/\/www.camping-goyetchea.com\/fr\/"},{"@type":"ListItem","position":2,"name":"Les tarifs du camping Goyetchea"}]},{"@type":"WebSite","@id":"https:\/\/www.camping-goyetchea.com\/fr\/#website","url":"https:\/\/www.camping-goyetchea.com\/fr\/","name":"Camping Goyetchea","description":"","publisher":{"@id":"https:\/\/www.camping-goyetchea.com\/fr\/#organization"},"potentialAction":[{"@type":"SearchAction","target":{"@type":"EntryPoint","urlTemplate":"https:\/\/www.camping-goyetchea.com\/fr\/?s={search_term_string}"},"query-input":{"@type":"PropertyValueSpecification","valueRequired":true,"valueName":"search_term_string"}}],"inLanguage":"fr-FR"},{"@type":"Organization","@id":"https:\/\/www.camping-goyetchea.com\/fr\/#organization","name":"Camping Goyetchea","url":"https:\/\/www.camping-goyetchea.com\/fr\/","logo":{"@type":"ImageObject","inLanguage":"fr-FR","@id":"https:\/\/www.camping-goyetchea.com\/fr\/#\/schema\/logo\/image\/","url":"https:\/\/www.camping-goyetchea.com\/wp-content\/uploads\/2021\/09\/camping-goyetchea.png","contentUrl":"https:\/\/www.camping-goyetchea.com\/wp-content\/uploads\/2021\/09\/camping-goyetchea.png","width":283,"height":107,"caption":"Camping Goyetchea"},"image":{"@id":"https:\/\/www.camping-goyetchea.com\/fr\/#\/schema\/logo\/image\/"}}]}},"_links":{"self":[{"href":"https:\/\/www.camping-goyetchea.com\/fr\/wp-json\/wp\/v2\/pages\/332","targetHints":{"allow":["GET"]}}],"collection":[{"href":"https:\/\/www.camping-goyetchea.com\/fr\/wp-json\/wp\/v2\/pages"}],"about":[{"href":"https:\/\/www.camping-goyetchea.com\/fr\/wp-json\/wp\/v2\/types\/page"}],"author":[{"embeddable":true,"href":"https:\/\/www.camping-goyetchea.com\/fr\/wp-json\/wp\/v2\/users\/1"}],"replies":[{"embeddable":true,"href":"https:\/\/www.camping-goyetchea.com\/fr\/wp-json\/wp\/v2\/comments?post=332"}],"version-history":[{"count":160,"href":"https:\/\/www.camping-goyetchea.com\/fr\/wp-json\/wp\/v2\/pages\/332\/revisions"}],"predecessor-version":[{"id":3615,"href":"https:\/\/www.camping-goyetchea.com\/fr\/wp-json\/wp\/v2\/pages\/332\/revisions\/3615"}],"wp:featuredmedia":[{"embeddable":true,"href":"https:\/\/www.camping-goyetchea.com\/fr\/wp-json\/wp\/v2\/media\/722"}],"wp:attachment":[{"href":"https:\/\/www.camping-goyetchea.com\/fr\/wp-json\/wp\/v2\/media?parent=332"}],"curies":[{"name":"wp","href":"https:\/\/api.w.org\/{rel}","templated":true}]}}