{"id":330,"date":"2021-09-01T14:18:54","date_gmt":"2021-09-01T12:18:54","guid":{"rendered":"https:\/\/www.camping-goyetchea.com\/?page_id=330"},"modified":"2025-10-03T15:44:57","modified_gmt":"2025-10-03T13:44:57","slug":"location-emplacement-saint-pee-sur-nivelle","status":"publish","type":"page","link":"https:\/\/www.camping-goyetchea.com\/fr\/location-emplacement-saint-pee-sur-nivelle\/","title":{"rendered":"H\u00e9bergements : Nos emplacements"},"content":{"rendered":"<section id=\"section-61321348287b8\"\" class=\"section p-x-6 fourth-home bg-white p-b-0\" \/><div class=\"container full\"><h1 class=\"element section-title center p-b-6\">Louez un emplacement \u00e0 Saint-P\u00e9e-sur-Nivelle<\/h1><h3 class=\"element section-title center\">Ouvert du 13 mai au 13 septembre 2026<\/h3><\/div><\/section>\n\n<section id=\"section-61321348287b8\"\" class=\"section p-x-6 fourth-home center bg-white p-t-0 p-b-0\" \/><div class=\"container large\"><div class=\"element bloc-text\">\n\t<script>\r\n    window.ctoutvert = {\r\n\t\tid: 5337, \r\n\t\tlang: 'auto', \r\n\t\turl: 'https:\/\/bookingpremium.secureholiday.net\/widgets\/'\r\n    };\r\n    (function (w, d, s, ctv, r, js, fjs) {\r\n        r=new XMLHttpRequest();r.open('GET',w[ctv].url+'js\/src.json');\r\n        r.responseType='json';r.json=true;r.send();\r\n        r.onload=function(){w[ctv].src=r.responseType=='json'?r.response:JSON.parse(r.response);\r\n        js.src=w[ctv].src[0];fjs.parentNode.insertBefore(js, fjs);}\r\n        js=d.createElement(s),fjs=d.getElementsByTagName(s)[0];\r\n        js.id='ctvwidget';js.async=1;\r\n    }(window, document, 'script', 'ctoutvert'));\r\n<\/script>\r\n<ctv-availability data-product-type='pitch' data-pricing-type='2' data-background-color='#FFFFFFFF' ><\/ctv-availability><\/div><\/div><\/section>\n\n<section id=\"section-third\"\" class=\"section p-x-6 fourth-home bg-white p-t-0\" \/><div class=\"container full\"><div class=\"colonnes-wrap valign-middle \"><div class=\"element colonne bg-white p-8 text-left\"><h2 class=\"element section-title left\">Location d&#8217;emplacement dans le Pays Basque<\/h2><div class=\"element bloc-text left \">\n\t<p>R\u00e9servez l\u2019un de nos 88<strong class=\"bold color1\"> emplacements d&rsquo;une superficie d\u2019environ 90m\u00b2<\/strong> dans un cadre verdoyant et fleuri ! D\u00e9limit\u00e9s par des arbres ou des haies, nos <strong class=\"bold color1\">emplacements tente<\/strong>, caravane ou camping-car vous apportent <strong class=\"bold color1\">toute l\u2019intimit\u00e9<\/strong> n\u00e9cessaire pour passer un s\u00e9jour id\u00e9al.<\/p>\n<p><strong>Nos<\/strong><strong class=\"bold color1\"> emplacements sont pr\u00e9vus pour 1 \u00e0 6 personnes maximum. <\/strong>Si vous choisissez de prendre<strong class=\"bold color1\"> l&rsquo;\u00e9lectricit\u00e9 <\/strong>(10amp), pensez \u00e0 apporter une rallonge \u00e9lectrique et un adaptateur (prise europ\u00e9enne).<\/p>\n<p>Nous avons <strong>un service pour les camping car<\/strong>, possibilit\u00e9 de vider les eaux us\u00e9es, les eaux grises et de faire le plein d&rsquo;eau.<\/p>\n<p>Besoin d\u2019un frigo ? La location se fera pour 35\u20ac\/semaine (\u00e0 r\u00e9server suivant disponibilit\u00e9). Attention: on vous am\u00e8ne un frigo top sur votre emplacement pr\u00e9voyez de le mettre \u00e0 l&rsquo;abri sous la tente ou le auvent.<\/p>\n<p>Envie de grillade, nous vous pr\u00eatons <strong>des barbecues<\/strong> \u00e0 charbon.<\/p>\n<p>Nous avons tout pr\u00e9vu pour vous faire passer de <strong>bonnes <\/strong><strong class=\"bold color1\">vacances \u00e0 Saint-P\u00e9e-sur-Nivelle.<\/strong><\/p>\n<\/div><\/div><div class=\"element colonne \"><div class=\"element images\"><div class=\"image\"><img decoding=\"async\" src=\"https:\/\/www.camping-goyetchea.com\/wp-content\/uploads\/2025\/10\/IMG_20250909_113838-100x75.jpg\" data-src=\"https:\/\/www.camping-goyetchea.com\/wp-content\/uploads\/2025\/10\/IMG_20250909_113838-scaled.jpg\" alt=\"louer emplacement camping\" class=\"images_image\" \/><\/div><\/div><\/div><\/div><\/div><\/section>\n\n<section id=\"section-6132134828dbf\"\" class=\"section p-x-6 fifth-home bg-white\" \/><div class=\"container full\"><div class=\"colonnes-wrap valign-middle \"><div class=\"element colonne \"><div class=\"element images\"><div class=\"image\"><img decoding=\"async\" src=\"https:\/\/www.camping-goyetchea.com\/wp-content\/uploads\/2025\/08\/3-100x75.jpg\" data-src=\"https:\/\/www.camping-goyetchea.com\/wp-content\/uploads\/2025\/08\/3-scaled.jpg\" alt=\"accueil van camping\" class=\"images_image\" \/><\/div><\/div><\/div><div class=\"element colonne bg-white p-8 text-right\"><h2 class=\"element section-title left\">INFORMATIONS PRATIQUES<\/h2><div class=\"element bloc-text left \">\n\t<ul>\n<li>R\u00e9servations pour 7 jours minimum du 12 juillet au 24 aout.<\/li>\n<li>Frais de r\u00e9servation de 15\u20ac pour les r\u00e9servations du 5 juillet au 23 aout.<\/li>\n<li><a href=\"https:\/\/www.camping-goyetchea.com\/wp-content\/uploads\/2023\/12\/Assurance-annulation.pdf\" target=\"_blank\" rel=\"noopener\">Assurance annulation<\/a> 3 % du montant total du s\u00e9jour.<\/li>\n<li>Voiture supp. : 3 \u20ac \/j. (sur parking obligatoire).<\/li>\n<li>Taxe de s\u00e9jour ~ 0,86 \u20ac<\/li>\n<li>Location de frigo: 35\u20ac la semaine (\u00e0 r\u00e9server suivant disponibilit\u00e9)<\/li>\n<li>Location de draps : 9\u20ac (grand lit) \/ 7\u20ac (petit lit), \u00e0 r\u00e9server.<\/li>\n<li>Location lit b\u00e9b\u00e9 12 \u20ac\/sem. (r\u00e9server) sans matelas<\/li>\n<li>Location chaise haute 10 \u20ac\/sem. (r\u00e9server)<\/li>\n<li>ARRIV\u00c9E :\u00a0 entre 14h et 19h30. D\u00c9PART : avant 11h30.<\/li>\n<li>Arrhes \u00e0 la r\u00e9servation : 100\u20ac<\/li>\n<li>Le solde est \u00e0 r\u00e9gl\u00e9 dans sa totalit\u00e9 le jour de votre arriv\u00e9<\/li>\n<\/ul>\n<p>N\u2019h\u00e9sitez plus et profitez d\u2019une <a href=\"\/fr\/location-mobil-home-saint-pee-sur-nivelle\/\">location sur la c\u00f4te basque<\/a> ou d\u2019un emplacement.<\/p>\n<\/div><\/div><\/div><\/div><\/section>\n\n<section id=\"section-6132134828aac\"\" class=\"section p-y-3 bg-white p-t-0 p-b-0\" \/><div class=\"container full\"><div class=\"accordeon\"><div class=\"slide \"><div class=\"slide_image\"><img decoding=\"async\" src=\"https:\/\/www.camping-goyetchea.com\/wp-content\/uploads\/2025\/10\/IMG_20250824_164932-100x75.jpg\" data-src=\"https:\/\/www.camping-goyetchea.com\/wp-content\/uploads\/2025\/10\/IMG_20250824_164932-scaled.jpg\" alt=\"\" class=\"\" \/><\/div><\/div><div class=\"slide \"><div class=\"slide_image\"><img decoding=\"async\" src=\"https:\/\/www.camping-goyetchea.com\/wp-content\/uploads\/2025\/10\/IMG_20250901_160554-75x100.jpg\" data-src=\"https:\/\/www.camping-goyetchea.com\/wp-content\/uploads\/2025\/10\/IMG_20250901_160554-scaled.jpg\" alt=\"\" class=\"\" \/><\/div><\/div><div class=\"slide \"><div class=\"slide_image\"><img decoding=\"async\" src=\"https:\/\/www.camping-goyetchea.com\/wp-content\/uploads\/2021\/09\/camping-caravane-pays-basque-100x67.jpg\" data-src=\"https:\/\/www.camping-goyetchea.com\/wp-content\/uploads\/2021\/09\/camping-caravane-pays-basque.jpg\" alt=\"camping caravane pays basque\" class=\"\" \/><\/div><\/div><\/div><\/div><\/section>\n\n<section id=\"section-last\"\" class=\"section p-x-6 fourth-home bg-white\" \/><div class=\"container full\"><\/div><\/section>\n\n<section id=\"section-6132134829126\"\" class=\"section bg-white p-t-0\" \/><div class=\"container extralarge\"><div class=\"element section-title center\">Nos locatifs et tarifs \u00e0 Saint P\u00e9e sur Nivelle<\/div><ul class=\"liste-de-page\"><li class=\"element call-to-action carre call-to-action--style-1 call-to-action--big\"><a href=\"https:\/\/www.camping-goyetchea.com\/fr\/location-mobil-home-saint-pee-sur-nivelle\/\"  class=\"call-to-action_link\" title=\"En savoir plus sur nos locations\"><div class=\"call-to-action_image\"><img decoding=\"async\" src=\"https:\/\/www.camping-goyetchea.com\/wp-content\/uploads\/2021\/09\/mobil-home-pays-basque-71x100.jpg\" data-src=\"https:\/\/www.camping-goyetchea.com\/wp-content\/uploads\/2021\/09\/mobil-home-pays-basque.jpg\" alt=\"mobil home pays basque\" class=\"big\" \/><\/div><div class=\"call-to-action_contenu\"><div class=\"call-to-action_titre\">Nos locations<\/div><\/div><\/a><\/li><li class=\"element call-to-action carre call-to-action--style-1 call-to-action--big call-to-action--style-1 call-to-action--big\"><a href=\"https:\/\/www.camping-goyetchea.com\/fr\/les-tarifs-du-camping-goyetchea\/\"  class=\"call-to-action_link\" title=\"En savoir plus sur nos tarifs\"><div class=\"call-to-action_image\"><img decoding=\"async\" src=\"https:\/\/www.camping-goyetchea.com\/wp-content\/uploads\/2021\/09\/reservation-pas-cher-pays-basque-100x70.jpg\" data-src=\"https:\/\/www.camping-goyetchea.com\/wp-content\/uploads\/2021\/09\/reservation-pas-cher-pays-basque.jpg\" alt=\"reservation pas cher pays-basque\" class=\"big\" \/><\/div><div class=\"call-to-action_contenu\"><div class=\"call-to-action_titre\">Nos tarifs<\/div><\/div><\/a><\/li><li class=\"element call-to-action carre call-to-action--style-1 call-to-action--big call-to-action--style-1 call-to-action--big call-to-action--style-1 call-to-action--big\"><a href=\"https:\/\/www.camping-goyetchea.com\/fr\/camping-piscine-saint-pee-sur-nivelle\/\"  class=\"call-to-action_link\" title=\"En savoir plus sur notre piscine\"><div class=\"call-to-action_image\"><img decoding=\"async\" src=\"https:\/\/www.camping-goyetchea.com\/wp-content\/uploads\/2021\/09\/camping-piscine-chauffee-pays-basque-100x70.jpg\" data-src=\"https:\/\/www.camping-goyetchea.com\/wp-content\/uploads\/2021\/09\/camping-piscine-chauffee-pays-basque.jpg\" alt=\"camping piscine chauffee pays basque\" class=\"big\" \/><\/div><div class=\"call-to-action_contenu\"><div class=\"call-to-action_titre\">Notre piscine<\/div><\/div><\/a><\/li><\/ul><\/div><\/section>","protected":false},"excerpt":{"rendered":"","protected":false},"author":1,"featured_media":1072,"parent":0,"menu_order":0,"comment_status":"closed","ping_status":"closed","template":"","meta":{"footnotes":""},"class_list":["post-330","page","type-page","status-publish","has-post-thumbnail","hentry"],"acf":[],"yoast_head":"<!-- This site is optimized with the Yoast SEO plugin v25.3 - https:\/\/yoast.com\/wordpress\/plugins\/seo\/ -->\n<title>Nos emplacements au pays basque<\/title>\n<meta name=\"description\" content=\"Venez d\u00e9couvrir nos emplacements spacieux et paysagers au c\u0153ur du Pays basque. Adapter pour tous caravane, tente, camping car, van, fourgon..\" \/>\n<meta name=\"robots\" content=\"index, follow, max-snippet:-1, max-image-preview:large, max-video-preview:-1\" \/>\n<link rel=\"canonical\" href=\"https:\/\/www.camping-goyetchea.com\/fr\/location-emplacement-saint-pee-sur-nivelle\/\" \/>\n<meta property=\"og:locale\" content=\"fr_FR\" \/>\n<meta property=\"og:type\" content=\"article\" \/>\n<meta property=\"og:title\" content=\"Nos emplacements au pays basque\" \/>\n<meta property=\"og:description\" content=\"Venez d\u00e9couvrir nos emplacements spacieux et paysagers au c\u0153ur du Pays basque. Adapter pour tous caravane, tente, camping car, van, fourgon..\" \/>\n<meta property=\"og:url\" content=\"https:\/\/www.camping-goyetchea.com\/fr\/location-emplacement-saint-pee-sur-nivelle\/\" \/>\n<meta property=\"og:site_name\" content=\"Camping Goyetchea\" \/>\n<meta property=\"article:modified_time\" content=\"2025-10-03T13:44:57+00:00\" \/>\n<meta property=\"og:image\" content=\"https:\/\/www.camping-goyetchea.com\/wp-content\/uploads\/2021\/09\/camping-pays-basque-2.jpg\" \/>\n\t<meta property=\"og:image:width\" content=\"1903\" \/>\n\t<meta property=\"og:image:height\" content=\"550\" \/>\n\t<meta property=\"og:image:type\" content=\"image\/jpeg\" \/>\n<meta name=\"twitter:card\" content=\"summary_large_image\" \/>\n<meta name=\"twitter:label1\" content=\"Dur\u00e9e de lecture estim\u00e9e\" \/>\n\t<meta name=\"twitter:data1\" content=\"1 minute\" \/>\n<script type=\"application\/ld+json\" class=\"yoast-schema-graph\">{\"@context\":\"https:\/\/schema.org\",\"@graph\":[{\"@type\":\"WebPage\",\"@id\":\"https:\/\/www.camping-goyetchea.com\/fr\/location-emplacement-saint-pee-sur-nivelle\/\",\"url\":\"https:\/\/www.camping-goyetchea.com\/fr\/location-emplacement-saint-pee-sur-nivelle\/\",\"name\":\"Nos emplacements au pays basque\",\"isPartOf\":{\"@id\":\"https:\/\/www.camping-goyetchea.com\/fr\/#website\"},\"primaryImageOfPage\":{\"@id\":\"https:\/\/www.camping-goyetchea.com\/fr\/location-emplacement-saint-pee-sur-nivelle\/#primaryimage\"},\"image\":{\"@id\":\"https:\/\/www.camping-goyetchea.com\/fr\/location-emplacement-saint-pee-sur-nivelle\/#primaryimage\"},\"thumbnailUrl\":\"https:\/\/www.camping-goyetchea.com\/wp-content\/uploads\/2021\/09\/camping-pays-basque-2.jpg\",\"datePublished\":\"2021-09-01T12:18:54+00:00\",\"dateModified\":\"2025-10-03T13:44:57+00:00\",\"description\":\"Venez d\u00e9couvrir nos emplacements spacieux et paysagers au c\u0153ur du Pays basque. Adapter pour tous caravane, tente, camping car, van, fourgon..\",\"breadcrumb\":{\"@id\":\"https:\/\/www.camping-goyetchea.com\/fr\/location-emplacement-saint-pee-sur-nivelle\/#breadcrumb\"},\"inLanguage\":\"fr-FR\",\"potentialAction\":[{\"@type\":\"ReadAction\",\"target\":[\"https:\/\/www.camping-goyetchea.com\/fr\/location-emplacement-saint-pee-sur-nivelle\/\"]}]},{\"@type\":\"ImageObject\",\"inLanguage\":\"fr-FR\",\"@id\":\"https:\/\/www.camping-goyetchea.com\/fr\/location-emplacement-saint-pee-sur-nivelle\/#primaryimage\",\"url\":\"https:\/\/www.camping-goyetchea.com\/wp-content\/uploads\/2021\/09\/camping-pays-basque-2.jpg\",\"contentUrl\":\"https:\/\/www.camping-goyetchea.com\/wp-content\/uploads\/2021\/09\/camping-pays-basque-2.jpg\",\"width\":1903,\"height\":550,\"caption\":\"louer emplacement pays basque\"},{\"@type\":\"BreadcrumbList\",\"@id\":\"https:\/\/www.camping-goyetchea.com\/fr\/location-emplacement-saint-pee-sur-nivelle\/#breadcrumb\",\"itemListElement\":[{\"@type\":\"ListItem\",\"position\":1,\"name\":\"Camping Pays Basque\",\"item\":\"https:\/\/www.camping-goyetchea.com\/fr\/\"},{\"@type\":\"ListItem\",\"position\":2,\"name\":\"Camping caravaning au Pays Basque\"}]},{\"@type\":\"WebSite\",\"@id\":\"https:\/\/www.camping-goyetchea.com\/fr\/#website\",\"url\":\"https:\/\/www.camping-goyetchea.com\/fr\/\",\"name\":\"Camping Goyetchea\",\"description\":\"\",\"publisher\":{\"@id\":\"https:\/\/www.camping-goyetchea.com\/fr\/#organization\"},\"potentialAction\":[{\"@type\":\"SearchAction\",\"target\":{\"@type\":\"EntryPoint\",\"urlTemplate\":\"https:\/\/www.camping-goyetchea.com\/fr\/?s={search_term_string}\"},\"query-input\":{\"@type\":\"PropertyValueSpecification\",\"valueRequired\":true,\"valueName\":\"search_term_string\"}}],\"inLanguage\":\"fr-FR\"},{\"@type\":\"Organization\",\"@id\":\"https:\/\/www.camping-goyetchea.com\/fr\/#organization\",\"name\":\"Camping Goyetchea\",\"url\":\"https:\/\/www.camping-goyetchea.com\/fr\/\",\"logo\":{\"@type\":\"ImageObject\",\"inLanguage\":\"fr-FR\",\"@id\":\"https:\/\/www.camping-goyetchea.com\/fr\/#\/schema\/logo\/image\/\",\"url\":\"https:\/\/www.camping-goyetchea.com\/wp-content\/uploads\/2021\/09\/camping-goyetchea.png\",\"contentUrl\":\"https:\/\/www.camping-goyetchea.com\/wp-content\/uploads\/2021\/09\/camping-goyetchea.png\",\"width\":283,\"height\":107,\"caption\":\"Camping Goyetchea\"},\"image\":{\"@id\":\"https:\/\/www.camping-goyetchea.com\/fr\/#\/schema\/logo\/image\/\"}}]}<\/script>\n<!-- \/ Yoast SEO plugin. -->","yoast_head_json":{"title":"Nos emplacements au pays basque","description":"Venez d\u00e9couvrir nos emplacements spacieux et paysagers au c\u0153ur du Pays basque. Adapter pour tous caravane, tente, camping car, van, fourgon..","robots":{"index":"index","follow":"follow","max-snippet":"max-snippet:-1","max-image-preview":"max-image-preview:large","max-video-preview":"max-video-preview:-1"},"canonical":"https:\/\/www.camping-goyetchea.com\/fr\/location-emplacement-saint-pee-sur-nivelle\/","og_locale":"fr_FR","og_type":"article","og_title":"Nos emplacements au pays basque","og_description":"Venez d\u00e9couvrir nos emplacements spacieux et paysagers au c\u0153ur du Pays basque. Adapter pour tous caravane, tente, camping car, van, fourgon..","og_url":"https:\/\/www.camping-goyetchea.com\/fr\/location-emplacement-saint-pee-sur-nivelle\/","og_site_name":"Camping Goyetchea","article_modified_time":"2025-10-03T13:44:57+00:00","og_image":[{"width":1903,"height":550,"url":"https:\/\/www.camping-goyetchea.com\/wp-content\/uploads\/2021\/09\/camping-pays-basque-2.jpg","type":"image\/jpeg"}],"twitter_card":"summary_large_image","twitter_misc":{"Dur\u00e9e de lecture estim\u00e9e":"1 minute"},"schema":{"@context":"https:\/\/schema.org","@graph":[{"@type":"WebPage","@id":"https:\/\/www.camping-goyetchea.com\/fr\/location-emplacement-saint-pee-sur-nivelle\/","url":"https:\/\/www.camping-goyetchea.com\/fr\/location-emplacement-saint-pee-sur-nivelle\/","name":"Nos emplacements au pays basque","isPartOf":{"@id":"https:\/\/www.camping-goyetchea.com\/fr\/#website"},"primaryImageOfPage":{"@id":"https:\/\/www.camping-goyetchea.com\/fr\/location-emplacement-saint-pee-sur-nivelle\/#primaryimage"},"image":{"@id":"https:\/\/www.camping-goyetchea.com\/fr\/location-emplacement-saint-pee-sur-nivelle\/#primaryimage"},"thumbnailUrl":"https:\/\/www.camping-goyetchea.com\/wp-content\/uploads\/2021\/09\/camping-pays-basque-2.jpg","datePublished":"2021-09-01T12:18:54+00:00","dateModified":"2025-10-03T13:44:57+00:00","description":"Venez d\u00e9couvrir nos emplacements spacieux et paysagers au c\u0153ur du Pays basque. Adapter pour tous caravane, tente, camping car, van, fourgon..","breadcrumb":{"@id":"https:\/\/www.camping-goyetchea.com\/fr\/location-emplacement-saint-pee-sur-nivelle\/#breadcrumb"},"inLanguage":"fr-FR","potentialAction":[{"@type":"ReadAction","target":["https:\/\/www.camping-goyetchea.com\/fr\/location-emplacement-saint-pee-sur-nivelle\/"]}]},{"@type":"ImageObject","inLanguage":"fr-FR","@id":"https:\/\/www.camping-goyetchea.com\/fr\/location-emplacement-saint-pee-sur-nivelle\/#primaryimage","url":"https:\/\/www.camping-goyetchea.com\/wp-content\/uploads\/2021\/09\/camping-pays-basque-2.jpg","contentUrl":"https:\/\/www.camping-goyetchea.com\/wp-content\/uploads\/2021\/09\/camping-pays-basque-2.jpg","width":1903,"height":550,"caption":"louer emplacement pays basque"},{"@type":"BreadcrumbList","@id":"https:\/\/www.camping-goyetchea.com\/fr\/location-emplacement-saint-pee-sur-nivelle\/#breadcrumb","itemListElement":[{"@type":"ListItem","position":1,"name":"Camping Pays Basque","item":"https:\/\/www.camping-goyetchea.com\/fr\/"},{"@type":"ListItem","position":2,"name":"Camping caravaning au Pays Basque"}]},{"@type":"WebSite","@id":"https:\/\/www.camping-goyetchea.com\/fr\/#website","url":"https:\/\/www.camping-goyetchea.com\/fr\/","name":"Camping Goyetchea","description":"","publisher":{"@id":"https:\/\/www.camping-goyetchea.com\/fr\/#organization"},"potentialAction":[{"@type":"SearchAction","target":{"@type":"EntryPoint","urlTemplate":"https:\/\/www.camping-goyetchea.com\/fr\/?s={search_term_string}"},"query-input":{"@type":"PropertyValueSpecification","valueRequired":true,"valueName":"search_term_string"}}],"inLanguage":"fr-FR"},{"@type":"Organization","@id":"https:\/\/www.camping-goyetchea.com\/fr\/#organization","name":"Camping Goyetchea","url":"https:\/\/www.camping-goyetchea.com\/fr\/","logo":{"@type":"ImageObject","inLanguage":"fr-FR","@id":"https:\/\/www.camping-goyetchea.com\/fr\/#\/schema\/logo\/image\/","url":"https:\/\/www.camping-goyetchea.com\/wp-content\/uploads\/2021\/09\/camping-goyetchea.png","contentUrl":"https:\/\/www.camping-goyetchea.com\/wp-content\/uploads\/2021\/09\/camping-goyetchea.png","width":283,"height":107,"caption":"Camping Goyetchea"},"image":{"@id":"https:\/\/www.camping-goyetchea.com\/fr\/#\/schema\/logo\/image\/"}}]}},"_links":{"self":[{"href":"https:\/\/www.camping-goyetchea.com\/fr\/wp-json\/wp\/v2\/pages\/330","targetHints":{"allow":["GET"]}}],"collection":[{"href":"https:\/\/www.camping-goyetchea.com\/fr\/wp-json\/wp\/v2\/pages"}],"about":[{"href":"https:\/\/www.camping-goyetchea.com\/fr\/wp-json\/wp\/v2\/types\/page"}],"author":[{"embeddable":true,"href":"https:\/\/www.camping-goyetchea.com\/fr\/wp-json\/wp\/v2\/users\/1"}],"replies":[{"embeddable":true,"href":"https:\/\/www.camping-goyetchea.com\/fr\/wp-json\/wp\/v2\/comments?post=330"}],"version-history":[{"count":119,"href":"https:\/\/www.camping-goyetchea.com\/fr\/wp-json\/wp\/v2\/pages\/330\/revisions"}],"predecessor-version":[{"id":3526,"href":"https:\/\/www.camping-goyetchea.com\/fr\/wp-json\/wp\/v2\/pages\/330\/revisions\/3526"}],"wp:featuredmedia":[{"embeddable":true,"href":"https:\/\/www.camping-goyetchea.com\/fr\/wp-json\/wp\/v2\/media\/1072"}],"wp:attachment":[{"href":"https:\/\/www.camping-goyetchea.com\/fr\/wp-json\/wp\/v2\/media?parent=330"}],"curies":[{"name":"wp","href":"https:\/\/api.w.org\/{rel}","templated":true}]}}