{"id":301,"date":"2021-09-01T10:42:34","date_gmt":"2021-09-01T08:42:34","guid":{"rendered":"https:\/\/www.camping-goyetchea.com\/?page_id=301"},"modified":"2025-05-30T17:38:48","modified_gmt":"2025-05-30T15:38:48","slug":"contact-acces","status":"publish","type":"page","link":"https:\/\/www.camping-goyetchea.com\/fr\/contact-acces\/","title":{"rendered":"Infos &#038; Contact"},"content":{"rendered":"<section id=\"section-614456786bf3d\"\" class=\"section bg-white\" \/><div class=\"container extralarge\"><h1 class=\"element section-title center\">Contact et itin\u00e9raire<\/h1><div class=\"colonnes-wrap valign-middle \"><div class=\"element colonne \"><div class=\"formulaire-de-contact\">\n<div class=\"wpcf7 no-js\" id=\"wpcf7-f8-o1\" lang=\"fr-FR\" dir=\"ltr\">\n<div class=\"screen-reader-response\"><p role=\"status\" aria-live=\"polite\" aria-atomic=\"true\"><\/p> <ul><\/ul><\/div>\n<form action=\"\/fr\/wp-json\/wp\/v2\/pages\/301#wpcf7-f8-o1\" method=\"post\" class=\"wpcf7-form init\" aria-label=\"Formulaire de contact\" novalidate=\"novalidate\" data-status=\"init\">\n<div style=\"display: none;\">\n<input type=\"hidden\" name=\"_wpcf7\" value=\"8\" \/>\n<input type=\"hidden\" name=\"_wpcf7_version\" value=\"5.9.8\" \/>\n<input type=\"hidden\" name=\"_wpcf7_locale\" value=\"fr_FR\" \/>\n<input type=\"hidden\" name=\"_wpcf7_unit_tag\" value=\"wpcf7-f8-o1\" \/>\n<input type=\"hidden\" name=\"_wpcf7_container_post\" value=\"0\" \/>\n<input type=\"hidden\" name=\"_wpcf7_posted_data_hash\" value=\"\" \/>\n<input type=\"hidden\" name=\"_wpcf7_recaptcha_response\" value=\"\" \/>\n<\/div>\n<p><span class=\"wpcf7-form-control-wrap\" data-name=\"your-name\"><input size=\"40\" maxlength=\"400\" class=\"wpcf7-form-control wpcf7-text wpcf7-validates-as-required\" aria-required=\"true\" aria-invalid=\"false\" placeholder=\"Votre nom...\" value=\"\" type=\"text\" name=\"your-name\" \/><\/span><span class=\"wpcf7-form-control-wrap\" data-name=\"your-email\"><input size=\"40\" maxlength=\"400\" class=\"wpcf7-form-control wpcf7-email wpcf7-validates-as-required wpcf7-text wpcf7-validates-as-email\" aria-required=\"true\" aria-invalid=\"false\" placeholder=\"Votre email ...\" value=\"\" type=\"email\" name=\"your-email\" \/><\/span><span class=\"wpcf7-form-control-wrap\" data-name=\"your-subject\"><input size=\"40\" maxlength=\"400\" class=\"wpcf7-form-control wpcf7-text\" aria-invalid=\"false\" placeholder=\"Sujet ...\" value=\"\" type=\"text\" name=\"your-subject\" \/><\/span><span class=\"wpcf7-form-control-wrap\" data-name=\"your-message\"><textarea cols=\"40\" rows=\"10\" maxlength=\"2000\" class=\"wpcf7-form-control wpcf7-textarea\" aria-invalid=\"false\" placeholder=\"Votre message ...\" name=\"your-message\"><\/textarea><\/span><span class=\"wpcf7-form-control-wrap\" data-name=\"acceptance-553\"><span class=\"wpcf7-form-control wpcf7-acceptance\"><span class=\"wpcf7-list-item\"><label><input type=\"checkbox\" name=\"acceptance-553\" value=\"1\" aria-invalid=\"false\" \/><span class=\"wpcf7-list-item-label\">En cochant cette case, j\u2019accepte la <a href=\"\/politique-de-confidentialite\/\" rel=\"nofollow\" target=\"_blank\">Politique de confidentialit\u00e9<\/a> de ce site.<\/span><\/label><\/span><\/span><\/span><input class=\"wpcf7-form-control wpcf7-submit has-spinner\" type=\"submit\" value=\"Envoyer\" \/>\n<\/p><div class=\"wpcf7-response-output\" aria-hidden=\"true\"><\/div>\n<\/form>\n<\/div>\n<\/div><\/div><div class=\"element colonne \"><h2 class=\"element section-title left\">Contactez le camping<\/h2><div class=\"element bloc-text left \">\n\t<p>Pour plus de renseignements,contactez-nous via le formulaire de contact, par t\u00e9l\u00e9phonel au 05 59 54 19 59 ou par mail \u00e0 l\u2019adresse info@camping-goyetchea.com. Nous vous r\u00e9pondrons dans les meilleurs d\u00e9lais.<\/p>\n<p>Horaires de l\u2019accueil :<\/p>\n<ul>\n<li>Juillet et ao\u00fbt de 8h30 \u00e0 12h30 et de 14h \u00e0 19h30.<\/li>\n<li>Basse saison de 8h30 \u00e0 midi et de 14h30 \u00e0 19h.<\/li>\n<\/ul>\n<\/div><\/div><\/div><\/div><\/section>\n\n<section id=\"section-614456786c275\"\" class=\"section bg-white\" \/><div class=\"container full\"><div class=\"colonnes-wrap valign-middle \"><div class=\"element colonne m-l-4\"><h2 class=\"element section-title left\">Acc\u00e8s au camping<\/h2><div class=\"element bloc-text left \">\n\t<p><strong class=\"bold color1\">Adresse<\/strong> :<br \/>\nQuartier d\u2019Ibarron<br \/>\nRoute d\u2019Ahetze<br \/>\n64310 St P\u00e9e Sur Nivelle<\/p>\n<p>Suivez nos itin\u00e9raires d\u00e9taill\u00e9s pour acc\u00e9der facilement au camping Goyetchea<\/p>\n<p><strong class=\"bold color1\">Avec une caravane ou un camping car<\/strong> :<br \/>\nA63 sortie 3 Saint-Jean-de-Luz Nord. Entrer dans Saint-Jean-de-Luz. Au feu gauche. Au rond-point tout droit. Au rond-point \u00e0 gauche Av Andr\u00e9 Ithurralde.<br \/>\nAu rond-point \u00e0 gauche Ascain\/Saint-P\u00e9e-sur-Nivelle. Au rond-point tout droit. Puis tout droit jusqu\u2019\u00e0 Ibarron. Passez devant Intermarch\u00e9. Au rond-point tout droit.\u00a0 A Ibarron tournez \u00e0 gauche devant l&rsquo;h\u00f4tel: la route d\u2019Ahetze. \u00c0 800m \u00e0 droite.<\/p>\n<p><strong class=\"bold color1\">Sans caravane<\/strong> :<br \/>\nA63 sortie 5 Bayonne sud. Au rond-point Arcangues\/Saint-P\u00e9e-sur-Nivelle. Toujours<br \/>\ntout droit. Au rond-point d&rsquo;Arcangues tout droit. Toujours tout droit jusqu\u2019\u00e0 Saint-P\u00e9e-sur-Nivelle. Au feu \u00e0 droite. Au rond-point de la chistera en face Ibarron\/Saint-Jean-de-Luz.<br \/>\nRentrer dans Ibarron. Devant l\u2019h\u00f4tel Bonnet \u00e0 droite, route d\u2019Ahetze. \u00c0 800m \u00e0 droite.<\/p>\n<\/div><\/div><div class=\"element colonne \"><div class=\"carte\" data-src=\"https:\/\/www.google.com\/maps\/embed?pb=!1m18!1m12!1m3!1d110368.12979938337!2d-1.5898194611779906!3d43.371688806960265!2m3!1f0!2f0!3f0!3m2!1i1024!2i768!4f13.1!3m3!1m2!1s0xd5116f3f5bd162b%3A0xdf5969ebb4c7182b!2sCamping%20Goyetchea!5e0!3m2!1sfr!2sfr!4v1631868482198!5m2!1sfr!2sfr\"><\/div><\/div><\/div><\/div><\/section>","protected":false},"excerpt":{"rendered":"","protected":false},"author":1,"featured_media":1117,"parent":0,"menu_order":0,"comment_status":"closed","ping_status":"closed","template":"","meta":{"footnotes":""},"class_list":["post-301","page","type-page","status-publish","has-post-thumbnail","hentry"],"acf":[],"yoast_head":"<!-- This site is optimized with the Yoast SEO plugin v25.3 - https:\/\/yoast.com\/wordpress\/plugins\/seo\/ -->\n<title>Contact, acc\u00e8s camping *** | Itin\u00e9raire et contact camping<\/title>\n<meta name=\"robots\" content=\"index, follow, max-snippet:-1, max-image-preview:large, max-video-preview:-1\" \/>\n<link rel=\"canonical\" href=\"https:\/\/www.camping-goyetchea.com\/fr\/contact-acces\/\" \/>\n<meta property=\"og:locale\" content=\"fr_FR\" \/>\n<meta property=\"og:type\" content=\"article\" \/>\n<meta property=\"og:title\" content=\"Contact, acc\u00e8s camping *** | Itin\u00e9raire et contact camping\" \/>\n<meta property=\"og:url\" content=\"https:\/\/www.camping-goyetchea.com\/fr\/contact-acces\/\" \/>\n<meta property=\"og:site_name\" content=\"Camping Goyetchea\" \/>\n<meta property=\"article:modified_time\" content=\"2025-05-30T15:38:48+00:00\" \/>\n<meta property=\"og:image\" content=\"https:\/\/www.camping-goyetchea.com\/wp-content\/uploads\/2021\/09\/camping-saint-pee-sur-nivelle.jpg\" \/>\n\t<meta property=\"og:image:width\" content=\"1906\" \/>\n\t<meta property=\"og:image:height\" content=\"550\" \/>\n\t<meta property=\"og:image:type\" content=\"image\/jpeg\" \/>\n<meta name=\"twitter:card\" content=\"summary_large_image\" \/>\n<meta name=\"twitter:label1\" content=\"Dur\u00e9e de lecture estim\u00e9e\" \/>\n\t<meta name=\"twitter:data1\" content=\"1 minute\" \/>\n<script type=\"application\/ld+json\" class=\"yoast-schema-graph\">{\"@context\":\"https:\/\/schema.org\",\"@graph\":[{\"@type\":\"WebPage\",\"@id\":\"https:\/\/www.camping-goyetchea.com\/fr\/contact-acces\/\",\"url\":\"https:\/\/www.camping-goyetchea.com\/fr\/contact-acces\/\",\"name\":\"Contact, acc\u00e8s camping *** | Itin\u00e9raire et contact camping\",\"isPartOf\":{\"@id\":\"https:\/\/www.camping-goyetchea.com\/fr\/#website\"},\"primaryImageOfPage\":{\"@id\":\"https:\/\/www.camping-goyetchea.com\/fr\/contact-acces\/#primaryimage\"},\"image\":{\"@id\":\"https:\/\/www.camping-goyetchea.com\/fr\/contact-acces\/#primaryimage\"},\"thumbnailUrl\":\"https:\/\/www.camping-goyetchea.com\/wp-content\/uploads\/2021\/09\/camping-saint-pee-sur-nivelle.jpg\",\"datePublished\":\"2021-09-01T08:42:34+00:00\",\"dateModified\":\"2025-05-30T15:38:48+00:00\",\"breadcrumb\":{\"@id\":\"https:\/\/www.camping-goyetchea.com\/fr\/contact-acces\/#breadcrumb\"},\"inLanguage\":\"fr-FR\",\"potentialAction\":[{\"@type\":\"ReadAction\",\"target\":[\"https:\/\/www.camping-goyetchea.com\/fr\/contact-acces\/\"]}]},{\"@type\":\"ImageObject\",\"inLanguage\":\"fr-FR\",\"@id\":\"https:\/\/www.camping-goyetchea.com\/fr\/contact-acces\/#primaryimage\",\"url\":\"https:\/\/www.camping-goyetchea.com\/wp-content\/uploads\/2021\/09\/camping-saint-pee-sur-nivelle.jpg\",\"contentUrl\":\"https:\/\/www.camping-goyetchea.com\/wp-content\/uploads\/2021\/09\/camping-saint-pee-sur-nivelle.jpg\",\"width\":1906,\"height\":550,\"caption\":\"camping saint pee sur nivelle\"},{\"@type\":\"BreadcrumbList\",\"@id\":\"https:\/\/www.camping-goyetchea.com\/fr\/contact-acces\/#breadcrumb\",\"itemListElement\":[{\"@type\":\"ListItem\",\"position\":1,\"name\":\"Camping Pays Basque\",\"item\":\"https:\/\/www.camping-goyetchea.com\/fr\/\"},{\"@type\":\"ListItem\",\"position\":2,\"name\":\"Contact, acc\u00e8s\"}]},{\"@type\":\"WebSite\",\"@id\":\"https:\/\/www.camping-goyetchea.com\/fr\/#website\",\"url\":\"https:\/\/www.camping-goyetchea.com\/fr\/\",\"name\":\"Camping Goyetchea\",\"description\":\"\",\"publisher\":{\"@id\":\"https:\/\/www.camping-goyetchea.com\/fr\/#organization\"},\"potentialAction\":[{\"@type\":\"SearchAction\",\"target\":{\"@type\":\"EntryPoint\",\"urlTemplate\":\"https:\/\/www.camping-goyetchea.com\/fr\/?s={search_term_string}\"},\"query-input\":{\"@type\":\"PropertyValueSpecification\",\"valueRequired\":true,\"valueName\":\"search_term_string\"}}],\"inLanguage\":\"fr-FR\"},{\"@type\":\"Organization\",\"@id\":\"https:\/\/www.camping-goyetchea.com\/fr\/#organization\",\"name\":\"Camping Goyetchea\",\"url\":\"https:\/\/www.camping-goyetchea.com\/fr\/\",\"logo\":{\"@type\":\"ImageObject\",\"inLanguage\":\"fr-FR\",\"@id\":\"https:\/\/www.camping-goyetchea.com\/fr\/#\/schema\/logo\/image\/\",\"url\":\"https:\/\/www.camping-goyetchea.com\/wp-content\/uploads\/2021\/09\/camping-goyetchea.png\",\"contentUrl\":\"https:\/\/www.camping-goyetchea.com\/wp-content\/uploads\/2021\/09\/camping-goyetchea.png\",\"width\":283,\"height\":107,\"caption\":\"Camping Goyetchea\"},\"image\":{\"@id\":\"https:\/\/www.camping-goyetchea.com\/fr\/#\/schema\/logo\/image\/\"}}]}<\/script>\n<!-- \/ Yoast SEO plugin. -->","yoast_head_json":{"title":"Contact, acc\u00e8s camping *** | Itin\u00e9raire et contact camping","robots":{"index":"index","follow":"follow","max-snippet":"max-snippet:-1","max-image-preview":"max-image-preview:large","max-video-preview":"max-video-preview:-1"},"canonical":"https:\/\/www.camping-goyetchea.com\/fr\/contact-acces\/","og_locale":"fr_FR","og_type":"article","og_title":"Contact, acc\u00e8s camping *** | Itin\u00e9raire et contact camping","og_url":"https:\/\/www.camping-goyetchea.com\/fr\/contact-acces\/","og_site_name":"Camping Goyetchea","article_modified_time":"2025-05-30T15:38:48+00:00","og_image":[{"width":1906,"height":550,"url":"https:\/\/www.camping-goyetchea.com\/wp-content\/uploads\/2021\/09\/camping-saint-pee-sur-nivelle.jpg","type":"image\/jpeg"}],"twitter_card":"summary_large_image","twitter_misc":{"Dur\u00e9e de lecture estim\u00e9e":"1 minute"},"schema":{"@context":"https:\/\/schema.org","@graph":[{"@type":"WebPage","@id":"https:\/\/www.camping-goyetchea.com\/fr\/contact-acces\/","url":"https:\/\/www.camping-goyetchea.com\/fr\/contact-acces\/","name":"Contact, acc\u00e8s camping *** | Itin\u00e9raire et contact camping","isPartOf":{"@id":"https:\/\/www.camping-goyetchea.com\/fr\/#website"},"primaryImageOfPage":{"@id":"https:\/\/www.camping-goyetchea.com\/fr\/contact-acces\/#primaryimage"},"image":{"@id":"https:\/\/www.camping-goyetchea.com\/fr\/contact-acces\/#primaryimage"},"thumbnailUrl":"https:\/\/www.camping-goyetchea.com\/wp-content\/uploads\/2021\/09\/camping-saint-pee-sur-nivelle.jpg","datePublished":"2021-09-01T08:42:34+00:00","dateModified":"2025-05-30T15:38:48+00:00","breadcrumb":{"@id":"https:\/\/www.camping-goyetchea.com\/fr\/contact-acces\/#breadcrumb"},"inLanguage":"fr-FR","potentialAction":[{"@type":"ReadAction","target":["https:\/\/www.camping-goyetchea.com\/fr\/contact-acces\/"]}]},{"@type":"ImageObject","inLanguage":"fr-FR","@id":"https:\/\/www.camping-goyetchea.com\/fr\/contact-acces\/#primaryimage","url":"https:\/\/www.camping-goyetchea.com\/wp-content\/uploads\/2021\/09\/camping-saint-pee-sur-nivelle.jpg","contentUrl":"https:\/\/www.camping-goyetchea.com\/wp-content\/uploads\/2021\/09\/camping-saint-pee-sur-nivelle.jpg","width":1906,"height":550,"caption":"camping saint pee sur nivelle"},{"@type":"BreadcrumbList","@id":"https:\/\/www.camping-goyetchea.com\/fr\/contact-acces\/#breadcrumb","itemListElement":[{"@type":"ListItem","position":1,"name":"Camping Pays Basque","item":"https:\/\/www.camping-goyetchea.com\/fr\/"},{"@type":"ListItem","position":2,"name":"Contact, acc\u00e8s"}]},{"@type":"WebSite","@id":"https:\/\/www.camping-goyetchea.com\/fr\/#website","url":"https:\/\/www.camping-goyetchea.com\/fr\/","name":"Camping Goyetchea","description":"","publisher":{"@id":"https:\/\/www.camping-goyetchea.com\/fr\/#organization"},"potentialAction":[{"@type":"SearchAction","target":{"@type":"EntryPoint","urlTemplate":"https:\/\/www.camping-goyetchea.com\/fr\/?s={search_term_string}"},"query-input":{"@type":"PropertyValueSpecification","valueRequired":true,"valueName":"search_term_string"}}],"inLanguage":"fr-FR"},{"@type":"Organization","@id":"https:\/\/www.camping-goyetchea.com\/fr\/#organization","name":"Camping Goyetchea","url":"https:\/\/www.camping-goyetchea.com\/fr\/","logo":{"@type":"ImageObject","inLanguage":"fr-FR","@id":"https:\/\/www.camping-goyetchea.com\/fr\/#\/schema\/logo\/image\/","url":"https:\/\/www.camping-goyetchea.com\/wp-content\/uploads\/2021\/09\/camping-goyetchea.png","contentUrl":"https:\/\/www.camping-goyetchea.com\/wp-content\/uploads\/2021\/09\/camping-goyetchea.png","width":283,"height":107,"caption":"Camping Goyetchea"},"image":{"@id":"https:\/\/www.camping-goyetchea.com\/fr\/#\/schema\/logo\/image\/"}}]}},"_links":{"self":[{"href":"https:\/\/www.camping-goyetchea.com\/fr\/wp-json\/wp\/v2\/pages\/301","targetHints":{"allow":["GET"]}}],"collection":[{"href":"https:\/\/www.camping-goyetchea.com\/fr\/wp-json\/wp\/v2\/pages"}],"about":[{"href":"https:\/\/www.camping-goyetchea.com\/fr\/wp-json\/wp\/v2\/types\/page"}],"author":[{"embeddable":true,"href":"https:\/\/www.camping-goyetchea.com\/fr\/wp-json\/wp\/v2\/users\/1"}],"replies":[{"embeddable":true,"href":"https:\/\/www.camping-goyetchea.com\/fr\/wp-json\/wp\/v2\/comments?post=301"}],"version-history":[{"count":28,"href":"https:\/\/www.camping-goyetchea.com\/fr\/wp-json\/wp\/v2\/pages\/301\/revisions"}],"predecessor-version":[{"id":3277,"href":"https:\/\/www.camping-goyetchea.com\/fr\/wp-json\/wp\/v2\/pages\/301\/revisions\/3277"}],"wp:featuredmedia":[{"embeddable":true,"href":"https:\/\/www.camping-goyetchea.com\/fr\/wp-json\/wp\/v2\/media\/1117"}],"wp:attachment":[{"href":"https:\/\/www.camping-goyetchea.com\/fr\/wp-json\/wp\/v2\/media?parent=301"}],"curies":[{"name":"wp","href":"https:\/\/api.w.org\/{rel}","templated":true}]}}