{"id":300,"date":"2021-09-01T10:42:12","date_gmt":"2021-09-01T08:42:12","guid":{"rendered":"https:\/\/www.camping-goyetchea.com\/?page_id=300"},"modified":"2023-11-10T12:12:55","modified_gmt":"2023-11-10T11:12:55","slug":"tourisme-pays-basque","status":"publish","type":"page","link":"https:\/\/www.camping-goyetchea.com\/fr\/tourisme-pays-basque\/","title":{"rendered":"Pays Basque"},"content":{"rendered":"<section id=\"section-61321348287b8\"\" class=\"section p-x-6 fourth-home bg-white\" \/><div class=\"container full\"><h1 class=\"element section-title center p-b-6\">Visitez le Pays Basque<\/h1><div class=\"colonnes-wrap valign-middle \"><div class=\"element colonne bg-white p-8 text-left\"><h2 class=\"element section-title left\">D\u00e9couvrez le Pays Basque<\/h2><div class=\"element bloc-text left \">\n\t<p><strong>Le Pays Basque<\/strong> est une r\u00e9gion riche en activit\u00e9s, nature et autres paysages sublimes. A seulement quelques minutes de notre <a href=\"\/fr\/\">camping au Pays Basque<\/a>, vous trouverez <strong>Saint-Jean-De-Luz<\/strong>, <strong>Bidart<\/strong>, <strong>Gu\u00e9thary<\/strong>, <strong>Biarritz<\/strong> pour d\u00e9couvrir la c\u00f4te basque. Ainsi que <strong>Espelette<\/strong>, <strong>Sare<\/strong>,<strong> Ainhoa<\/strong> quelques-uns de nos villages \u00e0 visiter dans le Pays Basque int\u00e9rieur.<\/p>\n<p>Vous pourrez \u00e9galement visiter <strong>Bayonne<\/strong> et profiter de ses festivit\u00e9s. Sans oublier la cit\u00e9 de <strong>Saint-Jean-Pied-de-Port<\/strong> avec sa citadelle et les thermes de <strong>Cambo-les-Bains<\/strong>.<\/p>\n<p>Envie de faire un\u00a0<strong>saut en Espagne<\/strong>\u00a0? Comptez seulement 15 minutes en voiture !<\/p>\n<p>Rendez-vous aux march\u00e9s de Saint-P\u00e9e-Sur-Nivelle, Espelette, Saint-Jean-de-Luz, Sare, par exemple ! Une liste non-exhaustive de nos <strong>principaux march\u00e9s traditionnels<\/strong>.<\/p>\n<\/div><\/div><div class=\"element colonne \"><div class=\"element images\"><div class=\"image\"><img decoding=\"async\" src=\"https:\/\/www.camping-goyetchea.com\/wp-content\/uploads\/2021\/10\/vacances-saint-jean-pied-de-port-100x73.jpg\" data-src=\"https:\/\/www.camping-goyetchea.com\/wp-content\/uploads\/2021\/10\/vacances-saint-jean-pied-de-port.jpg\" alt=\"vacances saint jean pied de port\" class=\"images_image\" \/><\/div><\/div><\/div><\/div><\/div><\/section>\n\n<section id=\"section-6132134828aac\"\" class=\"section p-y-3 bg-white p-t-0 p-b-0\" \/><div class=\"container full\"><div class=\"accordeon\"><div class=\"slide \"><div class=\"slide_image\"><img decoding=\"async\" src=\"https:\/\/www.camping-goyetchea.com\/wp-content\/uploads\/2021\/10\/plage-biaritz-100x67.jpg\" data-src=\"https:\/\/www.camping-goyetchea.com\/wp-content\/uploads\/2021\/10\/plage-biaritz.jpg\" alt=\"plage biaritz\" class=\"\" \/><\/div><\/div><div class=\"slide \"><div class=\"slide_image\"><img decoding=\"async\" src=\"https:\/\/www.camping-goyetchea.com\/wp-content\/uploads\/2021\/09\/villa-arnagua-cambo-100x67.jpg\" data-src=\"https:\/\/www.camping-goyetchea.com\/wp-content\/uploads\/2021\/09\/villa-arnagua-cambo.jpg\" alt=\"villa arnagua cambo\" class=\"\" \/><\/div><\/div><div class=\"slide \"><div class=\"slide_image\"><img decoding=\"async\" src=\"https:\/\/www.camping-goyetchea.com\/wp-content\/uploads\/2021\/10\/promenade-cote-basque-100x67.jpg\" data-src=\"https:\/\/www.camping-goyetchea.com\/wp-content\/uploads\/2021\/10\/promenade-cote-basque.jpg\" alt=\"promenade cote basque\" class=\"\" \/><\/div><\/div><\/div><\/div><\/section>\n\n<section id=\"section-6132134828dbf\"\" class=\"section p-x-6 fifth-home bg-white\" \/><div class=\"container full\"><div class=\"colonnes-wrap valign-middle \"><div class=\"element colonne \"><div class=\"element images\"><div class=\"image\"><img decoding=\"async\" src=\"https:\/\/www.camping-goyetchea.com\/wp-content\/uploads\/2021\/09\/grande-plage-biarritz-100x73.jpg\" data-src=\"https:\/\/www.camping-goyetchea.com\/wp-content\/uploads\/2021\/09\/grande-plage-biarritz.jpg\" alt=\"grande plage biarritz\" class=\"images_image\" \/><\/div><\/div><\/div><div class=\"element colonne bg-white p-8 text-right\"><h2 class=\"element section-title left\">Les lieux \u00e0 voir au Pays Basque <\/h2><div class=\"element bloc-text left \">\n\t<p>Les <strong>activit\u00e9s et visites incontournables<\/strong> ne manquent pas dans le Pays-Basque.<\/p>\n<p>Passez un s\u00e9jour dans notre camping du Pays Basque et profitez-en pour visiter la ville de Saint-Jean-de-Luz, le petit port de p\u00eache de Gu\u00e9thary, la ville de Biarritz, <strong>Bayonne et ses chefs-d\u2019\u0153uvre<\/strong> sign\u00e9s Vauban, la baie d&rsquo;Hendaye et le <strong>ch\u00e2teau d&rsquo;Abbadia<\/strong> et <strong>Fontarrabie<\/strong>\u00a0\u00e0 la fronti\u00e8re espagnole.<\/p>\n<p>Vous ne pouvez pas partir sans d\u00e9couvrir :<\/p>\n<ul>\n<li style=\"list-style-type: none;\">\n<ul>\n<li><strong>Espelette<\/strong> pour son piquant<\/li>\n<li>Le petit <strong>train de la Rhune<\/strong> avec sa vue magnifique sur les montagnes et l&rsquo;ocean<\/li>\n<li>Ainhoa, Sare et Saint-Jean-Pied-de-Port <strong>les plus beaux villages basques<\/strong><\/li>\n<li><strong>Les Grottes d\u2019Isturitz et d\u2019Oxocelhaya<\/strong> : vestiges de la pr\u00e9histoire, d\u00e9couvrez l\u2019art pari\u00e9tal et prenez des photos majestueuses !<\/li>\n<li>La<strong> villa Arnaga<\/strong>, \u00e0 Cambo-Les-Bains class\u00e9e Monument Historique<\/li>\n<li>Les <strong>Grottes de Sare<\/strong><\/li>\n<\/ul>\n<\/li>\n<\/ul>\n<\/div><\/div><\/div><\/div><\/section>\n\n<section id=\"section-last\"\" class=\"section p-x-6 fourth-home bg-white\" \/><div class=\"container full\"><div class=\"colonnes-wrap valign-middle \"><div class=\"element colonne bg-white p-8 text-left\"><h2 class=\"element section-title left\">\u00c0 faire au Pays Basque<\/h2><div class=\"element bloc-text left \">\n\t<p>Passez un s\u00e9jour dans notre camping du <strong>Pays Basque<\/strong> et profitez-en pour participez aux f\u00e9rias du Pays Basque : faites la f\u00eate et profitez d\u2019innombrables activit\u00e9s comme les <strong>f\u00eates de Bayonne<\/strong> ou la foire au jambon !<\/p>\n<p>Randonnez dans nos belles montagnes Basque, ne ratez surtout pas<strong> la Rhune<\/strong> le sommet le plus mythique du pays basque, \u00e0 pied ou en petit train et promenez-vous le long du sentier du littoral et d\u00e9couvrez une magnifique vue sur<strong> l\u2019oc\u00e9an\u00a0<\/strong>!<\/p>\n<p>Go\u00fbtez<strong class=\"bold color1\"> aux <strong>nombreuses <\/strong> sp\u00e9cialit\u00e9s basques<\/strong> :<\/p>\n<ul>\n<li>le <strong>g\u00e2teau basque<\/strong> \u00e0 la cr\u00e8me ou aux cerises d\u2019Itxassou,<\/li>\n<li>la <strong>piperade<\/strong>,<\/li>\n<li>le <strong>fromage de brebis<\/strong><\/li>\n<li>le fameux <strong>poulet basquaise<\/strong><\/li>\n<li>et surtout n&rsquo;oubliez pas de ramener du <strong>piment d&rsquo;Espelette<\/strong><\/li>\n<\/ul>\n<\/div><\/div><div class=\"element colonne \"><div class=\"element images\"><div class=\"image\"><img decoding=\"async\" src=\"https:\/\/www.camping-goyetchea.com\/wp-content\/uploads\/2021\/09\/tourisme-rhune-1-100x73.jpg\" data-src=\"https:\/\/www.camping-goyetchea.com\/wp-content\/uploads\/2021\/09\/tourisme-rhune-1.jpg\" alt=\"tourisme rhune\" class=\"images_image\" \/><\/div><\/div><\/div><\/div><\/div><\/section>\n\n<section id=\"section-8\"\" class=\"section p-y-3 bg-white p-t-0 p-b-0\" \/><div class=\"container full\"><div class=\"accordeon\"><div class=\"slide \"><div class=\"slide_image\"><img decoding=\"async\" src=\"https:\/\/www.camping-goyetchea.com\/wp-content\/uploads\/2021\/09\/surf-atlantique-cote-basque-100x67.jpg\" data-src=\"https:\/\/www.camping-goyetchea.com\/wp-content\/uploads\/2021\/09\/surf-atlantique-cote-basque.jpg\" alt=\"surf atlantique cote basque\" class=\"\" \/><\/div><\/div><div class=\"slide \"><div class=\"slide_image\"><img decoding=\"async\" src=\"https:\/\/www.camping-goyetchea.com\/wp-content\/uploads\/2021\/09\/grande-plage-hendaye-100x67.jpg\" data-src=\"https:\/\/www.camping-goyetchea.com\/wp-content\/uploads\/2021\/09\/grande-plage-hendaye.jpg\" alt=\"grande plage hendaye\" class=\"\" \/><\/div><\/div><div class=\"slide \"><div class=\"slide_image\"><img decoding=\"async\" src=\"https:\/\/www.camping-goyetchea.com\/wp-content\/uploads\/2021\/09\/chateau-abbadia-hendaye-100x67.jpg\" data-src=\"https:\/\/www.camping-goyetchea.com\/wp-content\/uploads\/2021\/09\/chateau-abbadia-hendaye.jpg\" alt=\"chateau abbadia hendaye\" class=\"\" \/><\/div><\/div><\/div><\/div><\/section>\n\n<section id=\"section-61571b35cbe12\"\" class=\"section p-x-6 fifth-home bg-white\" \/><div class=\"container full\"><div class=\"colonnes-wrap valign-middle \"><div class=\"element colonne \"><div class=\"element images\"><div class=\"image\"><img decoding=\"async\" src=\"https:\/\/www.camping-goyetchea.com\/wp-content\/uploads\/2021\/10\/cote-basque-activites-100x73.jpg\" data-src=\"https:\/\/www.camping-goyetchea.com\/wp-content\/uploads\/2021\/10\/cote-basque-activites.jpg\" alt=\"cote basque activites\" class=\"images_image\" \/><\/div><\/div><\/div><div class=\"element colonne bg-white p-8 text-right\"><h2 class=\"element section-title left\">Les plus belles plages sur la c\u00f4te basque<\/h2><div class=\"element bloc-text left \">\n\t<p>Apprenez \u00e0 faire du surf sur l\u2019une de nos magnifiques plages de la c\u00f4te basque :<\/p>\n<ul>\n<li>La <strong>Grande Plage d\u2019Hendaye<\/strong><\/li>\n<li><strong>C\u00e9nitz \u00e0 Gu\u00e9thary<\/strong><\/li>\n<li>La <strong>Grande Plage de Biarritz<\/strong><\/li>\n<li>La <strong>plage de Lafitenia<\/strong><\/li>\n<li>Les grandes <strong>plages d&rsquo;Anglet<\/strong><\/li>\n<\/ul>\n<p>ou pr\u00e9lassez vous au soleil sur les plages de <strong>Saint-Jean-de-Luz<\/strong>, <strong>Ciboure<\/strong> et <strong>Socoa<\/strong>.<\/p>\n<ul>\n<li style=\"list-style-type: none;\"><\/li>\n<\/ul>\n<\/div><\/div><\/div><\/div><\/section>\n\n<section id=\"section-6132134829126\"\" class=\"section bg-white p-t-0\" \/><div class=\"container extralarge\"><div class=\"element section-title center\">D\u00e9couvrez le camping et la c\u00f4te Basque<\/div><ul class=\"liste-de-page\"><li class=\"element call-to-action carre call-to-action--style-1 call-to-action--big\"><a href=\"https:\/\/www.camping-goyetchea.com\/fr\/camping-familial-saint-pee-sur-nivelle\/\"  class=\"call-to-action_link\" title=\"En savoir plus sur le camping\"><div class=\"call-to-action_image\"><img decoding=\"async\" src=\"https:\/\/www.camping-goyetchea.com\/wp-content\/uploads\/2021\/09\/camping-goyetchea-100x70.jpg\" data-src=\"https:\/\/www.camping-goyetchea.com\/wp-content\/uploads\/2021\/09\/camping-goyetchea.jpg\" alt=\"camping goyetchea\" class=\"big\" \/><\/div><div class=\"call-to-action_contenu\"><div class=\"call-to-action_titre\">Le camping<\/div><\/div><\/a><\/li><li class=\"element call-to-action carre call-to-action--style-1 call-to-action--big call-to-action--style-1 call-to-action--big\"><a href=\"https:\/\/www.camping-goyetchea.com\/fr\/tourisme-saint-pee-sur-nivelle\/\"  class=\"call-to-action_link\" title=\"En savoir plus sur saint-pee-sur-nivelle\"><div class=\"call-to-action_image\"><img decoding=\"async\" src=\"https:\/\/www.camping-goyetchea.com\/wp-content\/uploads\/2021\/10\/tourisme-saint-pee-sur-nivelle-1-100x70.jpg\" data-src=\"https:\/\/www.camping-goyetchea.com\/wp-content\/uploads\/2021\/10\/tourisme-saint-pee-sur-nivelle-1.jpg\" alt=\"tourisme saint pee sur nivelle\" class=\"big\" \/><\/div><div class=\"call-to-action_contenu\"><div class=\"call-to-action_titre\">Saint-Pee-sur-Nivelle<\/div><\/div><\/a><\/li><li class=\"element call-to-action carre call-to-action--style-1 call-to-action--big call-to-action--style-1 call-to-action--big call-to-action--style-1 call-to-action--big\"><a href=\"https:\/\/www.camping-goyetchea.com\/fr\/camping-piscine-saint-pee-sur-nivelle\/\"  class=\"call-to-action_link\" title=\"En savoir plus sur notre piscine\"><div class=\"call-to-action_image\"><img decoding=\"async\" src=\"https:\/\/www.camping-goyetchea.com\/wp-content\/uploads\/2021\/09\/camping-piscine-chauffee-pays-basque-100x70.jpg\" data-src=\"https:\/\/www.camping-goyetchea.com\/wp-content\/uploads\/2021\/09\/camping-piscine-chauffee-pays-basque.jpg\" alt=\"camping piscine chauffee pays basque\" class=\"big\" \/><\/div><div class=\"call-to-action_contenu\"><div class=\"call-to-action_titre\">Notre piscine<\/div><\/div><\/a><\/li><\/ul><\/div><\/section>","protected":false},"excerpt":{"rendered":"","protected":false},"author":1,"featured_media":769,"parent":0,"menu_order":0,"comment_status":"closed","ping_status":"closed","template":"","meta":{"footnotes":""},"class_list":["post-300","page","type-page","status-publish","has-post-thumbnail","hentry"],"acf":[],"yoast_head":"<!-- This site is optimized with the Yoast SEO plugin v25.3 - https:\/\/yoast.com\/wordpress\/plugins\/seo\/ -->\n<title>D\u00e9couvrir pays basque | \u00c0 voir, \u00e0 faire au Pays Basque<\/title>\n<meta name=\"robots\" content=\"index, follow, max-snippet:-1, max-image-preview:large, max-video-preview:-1\" \/>\n<link rel=\"canonical\" href=\"https:\/\/www.camping-goyetchea.com\/fr\/tourisme-pays-basque\/\" \/>\n<meta property=\"og:locale\" content=\"fr_FR\" \/>\n<meta property=\"og:type\" content=\"article\" \/>\n<meta property=\"og:title\" content=\"D\u00e9couvrir pays basque | \u00c0 voir, \u00e0 faire au Pays Basque\" \/>\n<meta property=\"og:url\" content=\"https:\/\/www.camping-goyetchea.com\/fr\/tourisme-pays-basque\/\" \/>\n<meta property=\"og:site_name\" content=\"Camping Goyetchea\" \/>\n<meta property=\"article:modified_time\" content=\"2023-11-10T11:12:55+00:00\" \/>\n<meta property=\"og:image\" content=\"https:\/\/www.camping-goyetchea.com\/wp-content\/uploads\/2021\/09\/tourisme-espelette.jpg\" \/>\n\t<meta property=\"og:image:width\" content=\"1903\" \/>\n\t<meta property=\"og:image:height\" content=\"550\" \/>\n\t<meta property=\"og:image:type\" content=\"image\/jpeg\" \/>\n<meta name=\"twitter:card\" content=\"summary_large_image\" \/>\n<script type=\"application\/ld+json\" class=\"yoast-schema-graph\">{\"@context\":\"https:\/\/schema.org\",\"@graph\":[{\"@type\":\"WebPage\",\"@id\":\"https:\/\/www.camping-goyetchea.com\/fr\/tourisme-pays-basque\/\",\"url\":\"https:\/\/www.camping-goyetchea.com\/fr\/tourisme-pays-basque\/\",\"name\":\"D\u00e9couvrir pays basque | \u00c0 voir, \u00e0 faire au Pays Basque\",\"isPartOf\":{\"@id\":\"https:\/\/www.camping-goyetchea.com\/fr\/#website\"},\"primaryImageOfPage\":{\"@id\":\"https:\/\/www.camping-goyetchea.com\/fr\/tourisme-pays-basque\/#primaryimage\"},\"image\":{\"@id\":\"https:\/\/www.camping-goyetchea.com\/fr\/tourisme-pays-basque\/#primaryimage\"},\"thumbnailUrl\":\"https:\/\/www.camping-goyetchea.com\/wp-content\/uploads\/2021\/09\/tourisme-espelette.jpg\",\"datePublished\":\"2021-09-01T08:42:12+00:00\",\"dateModified\":\"2023-11-10T11:12:55+00:00\",\"breadcrumb\":{\"@id\":\"https:\/\/www.camping-goyetchea.com\/fr\/tourisme-pays-basque\/#breadcrumb\"},\"inLanguage\":\"fr-FR\",\"potentialAction\":[{\"@type\":\"ReadAction\",\"target\":[\"https:\/\/www.camping-goyetchea.com\/fr\/tourisme-pays-basque\/\"]}]},{\"@type\":\"ImageObject\",\"inLanguage\":\"fr-FR\",\"@id\":\"https:\/\/www.camping-goyetchea.com\/fr\/tourisme-pays-basque\/#primaryimage\",\"url\":\"https:\/\/www.camping-goyetchea.com\/wp-content\/uploads\/2021\/09\/tourisme-espelette.jpg\",\"contentUrl\":\"https:\/\/www.camping-goyetchea.com\/wp-content\/uploads\/2021\/09\/tourisme-espelette.jpg\",\"width\":1903,\"height\":550,\"caption\":\"tourisme espelette\"},{\"@type\":\"BreadcrumbList\",\"@id\":\"https:\/\/www.camping-goyetchea.com\/fr\/tourisme-pays-basque\/#breadcrumb\",\"itemListElement\":[{\"@type\":\"ListItem\",\"position\":1,\"name\":\"Camping Pays Basque\",\"item\":\"https:\/\/www.camping-goyetchea.com\/fr\/\"},{\"@type\":\"ListItem\",\"position\":2,\"name\":\"Tourisme au Pays Basque\"}]},{\"@type\":\"WebSite\",\"@id\":\"https:\/\/www.camping-goyetchea.com\/fr\/#website\",\"url\":\"https:\/\/www.camping-goyetchea.com\/fr\/\",\"name\":\"Camping Goyetchea\",\"description\":\"\",\"publisher\":{\"@id\":\"https:\/\/www.camping-goyetchea.com\/fr\/#organization\"},\"potentialAction\":[{\"@type\":\"SearchAction\",\"target\":{\"@type\":\"EntryPoint\",\"urlTemplate\":\"https:\/\/www.camping-goyetchea.com\/fr\/?s={search_term_string}\"},\"query-input\":{\"@type\":\"PropertyValueSpecification\",\"valueRequired\":true,\"valueName\":\"search_term_string\"}}],\"inLanguage\":\"fr-FR\"},{\"@type\":\"Organization\",\"@id\":\"https:\/\/www.camping-goyetchea.com\/fr\/#organization\",\"name\":\"Camping Goyetchea\",\"url\":\"https:\/\/www.camping-goyetchea.com\/fr\/\",\"logo\":{\"@type\":\"ImageObject\",\"inLanguage\":\"fr-FR\",\"@id\":\"https:\/\/www.camping-goyetchea.com\/fr\/#\/schema\/logo\/image\/\",\"url\":\"https:\/\/www.camping-goyetchea.com\/wp-content\/uploads\/2021\/09\/camping-goyetchea.png\",\"contentUrl\":\"https:\/\/www.camping-goyetchea.com\/wp-content\/uploads\/2021\/09\/camping-goyetchea.png\",\"width\":283,\"height\":107,\"caption\":\"Camping Goyetchea\"},\"image\":{\"@id\":\"https:\/\/www.camping-goyetchea.com\/fr\/#\/schema\/logo\/image\/\"}}]}<\/script>\n<!-- \/ Yoast SEO plugin. -->","yoast_head_json":{"title":"D\u00e9couvrir pays basque | \u00c0 voir, \u00e0 faire au Pays Basque","robots":{"index":"index","follow":"follow","max-snippet":"max-snippet:-1","max-image-preview":"max-image-preview:large","max-video-preview":"max-video-preview:-1"},"canonical":"https:\/\/www.camping-goyetchea.com\/fr\/tourisme-pays-basque\/","og_locale":"fr_FR","og_type":"article","og_title":"D\u00e9couvrir pays basque | \u00c0 voir, \u00e0 faire au Pays Basque","og_url":"https:\/\/www.camping-goyetchea.com\/fr\/tourisme-pays-basque\/","og_site_name":"Camping Goyetchea","article_modified_time":"2023-11-10T11:12:55+00:00","og_image":[{"width":1903,"height":550,"url":"https:\/\/www.camping-goyetchea.com\/wp-content\/uploads\/2021\/09\/tourisme-espelette.jpg","type":"image\/jpeg"}],"twitter_card":"summary_large_image","schema":{"@context":"https:\/\/schema.org","@graph":[{"@type":"WebPage","@id":"https:\/\/www.camping-goyetchea.com\/fr\/tourisme-pays-basque\/","url":"https:\/\/www.camping-goyetchea.com\/fr\/tourisme-pays-basque\/","name":"D\u00e9couvrir pays basque | \u00c0 voir, \u00e0 faire au Pays Basque","isPartOf":{"@id":"https:\/\/www.camping-goyetchea.com\/fr\/#website"},"primaryImageOfPage":{"@id":"https:\/\/www.camping-goyetchea.com\/fr\/tourisme-pays-basque\/#primaryimage"},"image":{"@id":"https:\/\/www.camping-goyetchea.com\/fr\/tourisme-pays-basque\/#primaryimage"},"thumbnailUrl":"https:\/\/www.camping-goyetchea.com\/wp-content\/uploads\/2021\/09\/tourisme-espelette.jpg","datePublished":"2021-09-01T08:42:12+00:00","dateModified":"2023-11-10T11:12:55+00:00","breadcrumb":{"@id":"https:\/\/www.camping-goyetchea.com\/fr\/tourisme-pays-basque\/#breadcrumb"},"inLanguage":"fr-FR","potentialAction":[{"@type":"ReadAction","target":["https:\/\/www.camping-goyetchea.com\/fr\/tourisme-pays-basque\/"]}]},{"@type":"ImageObject","inLanguage":"fr-FR","@id":"https:\/\/www.camping-goyetchea.com\/fr\/tourisme-pays-basque\/#primaryimage","url":"https:\/\/www.camping-goyetchea.com\/wp-content\/uploads\/2021\/09\/tourisme-espelette.jpg","contentUrl":"https:\/\/www.camping-goyetchea.com\/wp-content\/uploads\/2021\/09\/tourisme-espelette.jpg","width":1903,"height":550,"caption":"tourisme espelette"},{"@type":"BreadcrumbList","@id":"https:\/\/www.camping-goyetchea.com\/fr\/tourisme-pays-basque\/#breadcrumb","itemListElement":[{"@type":"ListItem","position":1,"name":"Camping Pays Basque","item":"https:\/\/www.camping-goyetchea.com\/fr\/"},{"@type":"ListItem","position":2,"name":"Tourisme au Pays Basque"}]},{"@type":"WebSite","@id":"https:\/\/www.camping-goyetchea.com\/fr\/#website","url":"https:\/\/www.camping-goyetchea.com\/fr\/","name":"Camping Goyetchea","description":"","publisher":{"@id":"https:\/\/www.camping-goyetchea.com\/fr\/#organization"},"potentialAction":[{"@type":"SearchAction","target":{"@type":"EntryPoint","urlTemplate":"https:\/\/www.camping-goyetchea.com\/fr\/?s={search_term_string}"},"query-input":{"@type":"PropertyValueSpecification","valueRequired":true,"valueName":"search_term_string"}}],"inLanguage":"fr-FR"},{"@type":"Organization","@id":"https:\/\/www.camping-goyetchea.com\/fr\/#organization","name":"Camping Goyetchea","url":"https:\/\/www.camping-goyetchea.com\/fr\/","logo":{"@type":"ImageObject","inLanguage":"fr-FR","@id":"https:\/\/www.camping-goyetchea.com\/fr\/#\/schema\/logo\/image\/","url":"https:\/\/www.camping-goyetchea.com\/wp-content\/uploads\/2021\/09\/camping-goyetchea.png","contentUrl":"https:\/\/www.camping-goyetchea.com\/wp-content\/uploads\/2021\/09\/camping-goyetchea.png","width":283,"height":107,"caption":"Camping Goyetchea"},"image":{"@id":"https:\/\/www.camping-goyetchea.com\/fr\/#\/schema\/logo\/image\/"}}]}},"_links":{"self":[{"href":"https:\/\/www.camping-goyetchea.com\/fr\/wp-json\/wp\/v2\/pages\/300","targetHints":{"allow":["GET"]}}],"collection":[{"href":"https:\/\/www.camping-goyetchea.com\/fr\/wp-json\/wp\/v2\/pages"}],"about":[{"href":"https:\/\/www.camping-goyetchea.com\/fr\/wp-json\/wp\/v2\/types\/page"}],"author":[{"embeddable":true,"href":"https:\/\/www.camping-goyetchea.com\/fr\/wp-json\/wp\/v2\/users\/1"}],"replies":[{"embeddable":true,"href":"https:\/\/www.camping-goyetchea.com\/fr\/wp-json\/wp\/v2\/comments?post=300"}],"version-history":[{"count":108,"href":"https:\/\/www.camping-goyetchea.com\/fr\/wp-json\/wp\/v2\/pages\/300\/revisions"}],"predecessor-version":[{"id":2897,"href":"https:\/\/www.camping-goyetchea.com\/fr\/wp-json\/wp\/v2\/pages\/300\/revisions\/2897"}],"wp:featuredmedia":[{"embeddable":true,"href":"https:\/\/www.camping-goyetchea.com\/fr\/wp-json\/wp\/v2\/media\/769"}],"wp:attachment":[{"href":"https:\/\/www.camping-goyetchea.com\/fr\/wp-json\/wp\/v2\/media?parent=300"}],"curies":[{"name":"wp","href":"https:\/\/api.w.org\/{rel}","templated":true}]}}