{"id":299,"date":"2021-09-01T10:41:50","date_gmt":"2021-09-01T08:41:50","guid":{"rendered":"https:\/\/www.camping-goyetchea.com\/?page_id=299"},"modified":"2021-10-20T16:00:21","modified_gmt":"2021-10-20T14:00:21","slug":"tourisme-saint-pee-sur-nivelle","status":"publish","type":"page","link":"https:\/\/www.camping-goyetchea.com\/fr\/tourisme-saint-pee-sur-nivelle\/","title":{"rendered":"Saint-P\u00e9e-sur-Nivelle"},"content":{"rendered":"<section id=\"section-61321348287b8\"\" class=\"section p-x-6 fourth-home bg-white\" \/><div class=\"container full\"><h1 class=\"element section-title center p-b-6\">D\u00e9couvrez Saint-P\u00e9e-sur-Nivelle<\/h1><div class=\"colonnes-wrap valign-middle \"><div class=\"element colonne bg-white p-8 text-left\"><h2 class=\"element section-title left\">Tourisme \u00e0 Saint-P\u00e9e-sur-Nivelle<\/h2><div class=\"element bloc-text left \">\n\t<p>Charmant village avec ses <strong class=\"bold color1\">maisons \u00e0 colombages<\/strong>, Saint-P\u00e9e-sur-Nivelle est id\u00e9alement situ\u00e9 pour visiter le <a href=\"\/fr\/tourisme-pays-basque\/\">pays basque<\/a> et d\u00e9couvrir ses richesses multiples.<\/p>\n<p>En son centre vous pourrez visiter son <strong class=\"bold color1\">\u00e9glise<\/strong> avec son imposant clocher-tour. Vous balader dans le <strong class=\"bold color1\">parc des berges de la Nivelle<\/strong> o\u00f9 de jolies sculptures sont expos\u00e9es. D\u00e9couvrir les produits locaux le samedi matin au march\u00e9. Profiter de votre s\u00e9jour \u00e0 St P\u00e9e Sur Nivelle, berceau du Xistera pour visiter <a href=\"https:\/\/www.en-pays-basque.fr\/visite\/ecomusee-de-la-pelote-et-du-xistera-pilotari\/\" target=\"_blank\" rel=\"noopener\">son \u00c9comus\u00e9e de la pelote et du Xistera Pilotari<\/a>.<\/p>\n<p>\u00c0 proximit\u00e9 du camping, le <strong class=\"bold color1\">lac de Saint-P\u00e9e-sur-Nivelle<\/strong> et sa plage de sable fin est le lieu id\u00e9al pour vous rafra\u00eechir et profiter de sa <strong class=\"bold color1\">base de loisirs<\/strong>.<\/p>\n<\/div><\/div><div class=\"element colonne \"><div class=\"element images\"><div class=\"image\"><img decoding=\"async\" src=\"https:\/\/www.camping-goyetchea.com\/wp-content\/uploads\/2021\/10\/saint-pee-sur-nivelle-decouvrir-100x73.jpg\" data-src=\"https:\/\/www.camping-goyetchea.com\/wp-content\/uploads\/2021\/10\/saint-pee-sur-nivelle-decouvrir.jpg\" alt=\"decouvrir saint pee sur nivelle\" class=\"images_image\" \/><\/div><\/div><\/div><\/div><\/div><\/section>\n\n<section id=\"section-6132134828aac\"\" class=\"section p-y-3 bg-white p-t-0 p-b-0\" \/><div class=\"container full\"><div class=\"accordeon\"><div class=\"slide \"><div class=\"slide_image\"><img decoding=\"async\" src=\"https:\/\/www.camping-goyetchea.com\/wp-content\/uploads\/2021\/10\/piment-espelette-gastronomie-1-100x67.jpg\" data-src=\"https:\/\/www.camping-goyetchea.com\/wp-content\/uploads\/2021\/10\/piment-espelette-gastronomie-1.jpg\" alt=\"piment espelette gastronomie\" class=\"\" \/><\/div><\/div><div class=\"slide \"><div class=\"slide_image\"><img decoding=\"async\" src=\"https:\/\/www.camping-goyetchea.com\/wp-content\/uploads\/2021\/10\/pelote-basque-sport-100x67.jpg\" data-src=\"https:\/\/www.camping-goyetchea.com\/wp-content\/uploads\/2021\/10\/pelote-basque-sport.jpg\" alt=\"pelote basque sport\" class=\"\" \/><\/div><\/div><div class=\"slide \"><div class=\"slide_image\"><img decoding=\"async\" src=\"https:\/\/www.camping-goyetchea.com\/wp-content\/uploads\/2021\/10\/eglise-saint-pee-sur-nivelle-100x67.jpg\" data-src=\"https:\/\/www.camping-goyetchea.com\/wp-content\/uploads\/2021\/10\/eglise-saint-pee-sur-nivelle.jpg\" alt=\"eglise saint pee sur nivelle\" class=\"\" \/><\/div><\/div><\/div><\/div><\/section>\n\n<section id=\"section-6132134828dbf\"\" class=\"section p-x-6 fifth-home bg-white\" \/><div class=\"container full\"><div class=\"colonnes-wrap valign-middle \"><div class=\"element colonne \"><div class=\"element images\"><div class=\"image\"><img decoding=\"async\" src=\"https:\/\/www.camping-goyetchea.com\/wp-content\/uploads\/2021\/10\/aquazone-saint-pee-sur-nivelle-2-100x73.jpg\" data-src=\"https:\/\/www.camping-goyetchea.com\/wp-content\/uploads\/2021\/10\/aquazone-saint-pee-sur-nivelle-2.jpg\" alt=\"aquazone saint pee sur nivelle\" class=\"images_image\" \/><\/div><\/div><\/div><div class=\"element colonne bg-white p-8 text-right\"><h2 class=\"element section-title left\">\u00c0 voir et \u00e0 faire \u00e0 Saint-P\u00e9e-sur-Nivelle<\/h2><div class=\"element bloc-text left \">\n\t<p>Toute l\u2019ann\u00e9e plusieurs animations culturelles sont organis\u00e9es \u00e0 l\u2019<a href=\"http:\/\/larreko.fr\/\" target=\"_blank\" rel=\"noopener\">espace culturel Larreko<\/a>. Th\u00e9\u00e2tre, musique, danse, cirque, spectacles, \u2026 vous pourrez assister \u00e0 l\u2019une des ces repr\u00e9sentations lors de votre s\u00e9jour au <a href=\"\/fr\/\">camping Goyetchea<\/a>.<\/p>\n<p>En haute saison, venez en famille \u00e0 l\u2019<a href=\"https:\/\/aquazone64.com\/\" target=\"_blank\" rel=\"noopener\">Aquazone Aquatic Park<\/a> accessible de 6 \u00e0 88 ans. Le <strong class=\"bold color1\">plus haut toboggan gonflable du monde<\/strong> vous attend pour des instants de sensations fortes. Paddle, kayak, p\u00e9dalo, accrobranche, p\u00eache, cette base de loisirs vous offre un large choix d&rsquo;activit\u00e9s et des points de restauration pour reprendre des forces.<\/p>\n<p>Ne ratez pas les d\u00e9monstrations de<strong> pelote<\/strong>, les spectacles de <strong>danse basque<\/strong>, mais aussi les <strong>courses de vaches<\/strong> landaises.<\/p>\n<p>Repartez de St P\u00e9e Sur Nivelle avec des <strong class=\"bold color1\">produits typiques et fermiers<\/strong> tels que les piments d\u2019Espelette AOP, le fromage de brebis, le g\u00e2teau basque et autres.<\/p>\n<\/div><\/div><\/div><\/div><\/section>\n\n<section id=\"section-6132134829126\"\" class=\"section bg-white p-t-0\" \/><div class=\"container extralarge\"><div class=\"element section-title center\">D\u00e9couvrez le camping et le Pays basque int\u00e9rieur<\/div><ul class=\"liste-de-page\"><li class=\"element call-to-action carre call-to-action--style-1 call-to-action--big\"><a href=\"https:\/\/www.camping-goyetchea.com\/fr\/camping-familial-saint-pee-sur-nivelle\/\"  class=\"call-to-action_link\" title=\"En savoir plus sur le camping\"><div class=\"call-to-action_image\"><img decoding=\"async\" src=\"https:\/\/www.camping-goyetchea.com\/wp-content\/uploads\/2021\/09\/camping-goyetchea-100x70.jpg\" data-src=\"https:\/\/www.camping-goyetchea.com\/wp-content\/uploads\/2021\/09\/camping-goyetchea.jpg\" alt=\"camping goyetchea\" class=\"big\" \/><\/div><div class=\"call-to-action_contenu\"><div class=\"call-to-action_titre\">Le camping<\/div><\/div><\/a><\/li><li class=\"element call-to-action carre call-to-action--style-1 call-to-action--big call-to-action--style-1 call-to-action--big\"><a href=\"https:\/\/www.camping-goyetchea.com\/fr\/tourisme-pays-basque\/\"  class=\"call-to-action_link\" title=\"En savoir plus sur le pays basque\"><div class=\"call-to-action_image\"><img decoding=\"async\" src=\"https:\/\/www.camping-goyetchea.com\/wp-content\/uploads\/2021\/09\/vacances-espelette-100x70.jpg\" data-src=\"https:\/\/www.camping-goyetchea.com\/wp-content\/uploads\/2021\/09\/vacances-espelette.jpg\" alt=\"vacances espelette\" class=\"big\" \/><\/div><div class=\"call-to-action_contenu\"><div class=\"call-to-action_titre\">Le Pays Basque<\/div><\/div><\/a><\/li><li class=\"element call-to-action carre call-to-action--style-1 call-to-action--big call-to-action--style-1 call-to-action--big call-to-action--style-1 call-to-action--big\"><a href=\"https:\/\/www.camping-goyetchea.com\/fr\/camping-piscine-saint-pee-sur-nivelle\/\"  class=\"call-to-action_link\" title=\"En savoir plus sur notre piscine\"><div class=\"call-to-action_image\"><img decoding=\"async\" src=\"https:\/\/www.camping-goyetchea.com\/wp-content\/uploads\/2021\/09\/camping-piscine-chauffee-pays-basque-100x70.jpg\" data-src=\"https:\/\/www.camping-goyetchea.com\/wp-content\/uploads\/2021\/09\/camping-piscine-chauffee-pays-basque.jpg\" alt=\"camping piscine chauffee pays basque\" class=\"big\" \/><\/div><div class=\"call-to-action_contenu\"><div class=\"call-to-action_titre\">Notre piscine<\/div><\/div><\/a><\/li><\/ul><\/div><\/section>","protected":false},"excerpt":{"rendered":"","protected":false},"author":1,"featured_media":1565,"parent":0,"menu_order":0,"comment_status":"closed","ping_status":"closed","template":"","meta":{"footnotes":""},"class_list":["post-299","page","type-page","status-publish","has-post-thumbnail","hentry"],"acf":[],"yoast_head":"<!-- This site is optimized with the Yoast SEO plugin v25.3 - https:\/\/yoast.com\/wordpress\/plugins\/seo\/ -->\n<title>D\u00e9couvrir Saint-P\u00e9e-sur-Nivelle | \u00c0 voir, \u00e0 faire Saint-P\u00e9e-sur-Nivelle (64)<\/title>\n<meta name=\"robots\" content=\"index, follow, max-snippet:-1, max-image-preview:large, max-video-preview:-1\" \/>\n<link rel=\"canonical\" href=\"https:\/\/www.camping-goyetchea.com\/fr\/tourisme-saint-pee-sur-nivelle\/\" \/>\n<meta property=\"og:locale\" content=\"fr_FR\" \/>\n<meta property=\"og:type\" content=\"article\" \/>\n<meta property=\"og:title\" content=\"D\u00e9couvrir Saint-P\u00e9e-sur-Nivelle | \u00c0 voir, \u00e0 faire Saint-P\u00e9e-sur-Nivelle (64)\" \/>\n<meta property=\"og:url\" content=\"https:\/\/www.camping-goyetchea.com\/fr\/tourisme-saint-pee-sur-nivelle\/\" \/>\n<meta property=\"og:site_name\" content=\"Camping Goyetchea\" \/>\n<meta property=\"article:modified_time\" content=\"2021-10-20T14:00:21+00:00\" \/>\n<meta property=\"og:image\" content=\"https:\/\/www.camping-goyetchea.com\/wp-content\/uploads\/2021\/10\/decouvrir-saint-pee-sur-nivelle-1.jpg\" \/>\n\t<meta property=\"og:image:width\" content=\"1906\" \/>\n\t<meta property=\"og:image:height\" content=\"550\" \/>\n\t<meta property=\"og:image:type\" content=\"image\/jpeg\" \/>\n<meta name=\"twitter:card\" content=\"summary_large_image\" \/>\n<script type=\"application\/ld+json\" class=\"yoast-schema-graph\">{\"@context\":\"https:\/\/schema.org\",\"@graph\":[{\"@type\":\"WebPage\",\"@id\":\"https:\/\/www.camping-goyetchea.com\/fr\/tourisme-saint-pee-sur-nivelle\/\",\"url\":\"https:\/\/www.camping-goyetchea.com\/fr\/tourisme-saint-pee-sur-nivelle\/\",\"name\":\"D\u00e9couvrir Saint-P\u00e9e-sur-Nivelle | \u00c0 voir, \u00e0 faire Saint-P\u00e9e-sur-Nivelle (64)\",\"isPartOf\":{\"@id\":\"https:\/\/www.camping-goyetchea.com\/fr\/#website\"},\"primaryImageOfPage\":{\"@id\":\"https:\/\/www.camping-goyetchea.com\/fr\/tourisme-saint-pee-sur-nivelle\/#primaryimage\"},\"image\":{\"@id\":\"https:\/\/www.camping-goyetchea.com\/fr\/tourisme-saint-pee-sur-nivelle\/#primaryimage\"},\"thumbnailUrl\":\"https:\/\/www.camping-goyetchea.com\/wp-content\/uploads\/2021\/10\/decouvrir-saint-pee-sur-nivelle-1.jpg\",\"datePublished\":\"2021-09-01T08:41:50+00:00\",\"dateModified\":\"2021-10-20T14:00:21+00:00\",\"breadcrumb\":{\"@id\":\"https:\/\/www.camping-goyetchea.com\/fr\/tourisme-saint-pee-sur-nivelle\/#breadcrumb\"},\"inLanguage\":\"fr-FR\",\"potentialAction\":[{\"@type\":\"ReadAction\",\"target\":[\"https:\/\/www.camping-goyetchea.com\/fr\/tourisme-saint-pee-sur-nivelle\/\"]}]},{\"@type\":\"ImageObject\",\"inLanguage\":\"fr-FR\",\"@id\":\"https:\/\/www.camping-goyetchea.com\/fr\/tourisme-saint-pee-sur-nivelle\/#primaryimage\",\"url\":\"https:\/\/www.camping-goyetchea.com\/wp-content\/uploads\/2021\/10\/decouvrir-saint-pee-sur-nivelle-1.jpg\",\"contentUrl\":\"https:\/\/www.camping-goyetchea.com\/wp-content\/uploads\/2021\/10\/decouvrir-saint-pee-sur-nivelle-1.jpg\",\"width\":1906,\"height\":550,\"caption\":\"decouvrir saint pee sur nivelle\"},{\"@type\":\"BreadcrumbList\",\"@id\":\"https:\/\/www.camping-goyetchea.com\/fr\/tourisme-saint-pee-sur-nivelle\/#breadcrumb\",\"itemListElement\":[{\"@type\":\"ListItem\",\"position\":1,\"name\":\"Camping Pays Basque\",\"item\":\"https:\/\/www.camping-goyetchea.com\/fr\/\"},{\"@type\":\"ListItem\",\"position\":2,\"name\":\"Visiter Saint-P\u00e9e-sur-Nivelle\"}]},{\"@type\":\"WebSite\",\"@id\":\"https:\/\/www.camping-goyetchea.com\/fr\/#website\",\"url\":\"https:\/\/www.camping-goyetchea.com\/fr\/\",\"name\":\"Camping Goyetchea\",\"description\":\"\",\"publisher\":{\"@id\":\"https:\/\/www.camping-goyetchea.com\/fr\/#organization\"},\"potentialAction\":[{\"@type\":\"SearchAction\",\"target\":{\"@type\":\"EntryPoint\",\"urlTemplate\":\"https:\/\/www.camping-goyetchea.com\/fr\/?s={search_term_string}\"},\"query-input\":{\"@type\":\"PropertyValueSpecification\",\"valueRequired\":true,\"valueName\":\"search_term_string\"}}],\"inLanguage\":\"fr-FR\"},{\"@type\":\"Organization\",\"@id\":\"https:\/\/www.camping-goyetchea.com\/fr\/#organization\",\"name\":\"Camping Goyetchea\",\"url\":\"https:\/\/www.camping-goyetchea.com\/fr\/\",\"logo\":{\"@type\":\"ImageObject\",\"inLanguage\":\"fr-FR\",\"@id\":\"https:\/\/www.camping-goyetchea.com\/fr\/#\/schema\/logo\/image\/\",\"url\":\"https:\/\/www.camping-goyetchea.com\/wp-content\/uploads\/2021\/09\/camping-goyetchea.png\",\"contentUrl\":\"https:\/\/www.camping-goyetchea.com\/wp-content\/uploads\/2021\/09\/camping-goyetchea.png\",\"width\":283,\"height\":107,\"caption\":\"Camping Goyetchea\"},\"image\":{\"@id\":\"https:\/\/www.camping-goyetchea.com\/fr\/#\/schema\/logo\/image\/\"}}]}<\/script>\n<!-- \/ Yoast SEO plugin. -->","yoast_head_json":{"title":"D\u00e9couvrir Saint-P\u00e9e-sur-Nivelle | \u00c0 voir, \u00e0 faire Saint-P\u00e9e-sur-Nivelle (64)","robots":{"index":"index","follow":"follow","max-snippet":"max-snippet:-1","max-image-preview":"max-image-preview:large","max-video-preview":"max-video-preview:-1"},"canonical":"https:\/\/www.camping-goyetchea.com\/fr\/tourisme-saint-pee-sur-nivelle\/","og_locale":"fr_FR","og_type":"article","og_title":"D\u00e9couvrir Saint-P\u00e9e-sur-Nivelle | \u00c0 voir, \u00e0 faire Saint-P\u00e9e-sur-Nivelle (64)","og_url":"https:\/\/www.camping-goyetchea.com\/fr\/tourisme-saint-pee-sur-nivelle\/","og_site_name":"Camping Goyetchea","article_modified_time":"2021-10-20T14:00:21+00:00","og_image":[{"width":1906,"height":550,"url":"https:\/\/www.camping-goyetchea.com\/wp-content\/uploads\/2021\/10\/decouvrir-saint-pee-sur-nivelle-1.jpg","type":"image\/jpeg"}],"twitter_card":"summary_large_image","schema":{"@context":"https:\/\/schema.org","@graph":[{"@type":"WebPage","@id":"https:\/\/www.camping-goyetchea.com\/fr\/tourisme-saint-pee-sur-nivelle\/","url":"https:\/\/www.camping-goyetchea.com\/fr\/tourisme-saint-pee-sur-nivelle\/","name":"D\u00e9couvrir Saint-P\u00e9e-sur-Nivelle | \u00c0 voir, \u00e0 faire Saint-P\u00e9e-sur-Nivelle (64)","isPartOf":{"@id":"https:\/\/www.camping-goyetchea.com\/fr\/#website"},"primaryImageOfPage":{"@id":"https:\/\/www.camping-goyetchea.com\/fr\/tourisme-saint-pee-sur-nivelle\/#primaryimage"},"image":{"@id":"https:\/\/www.camping-goyetchea.com\/fr\/tourisme-saint-pee-sur-nivelle\/#primaryimage"},"thumbnailUrl":"https:\/\/www.camping-goyetchea.com\/wp-content\/uploads\/2021\/10\/decouvrir-saint-pee-sur-nivelle-1.jpg","datePublished":"2021-09-01T08:41:50+00:00","dateModified":"2021-10-20T14:00:21+00:00","breadcrumb":{"@id":"https:\/\/www.camping-goyetchea.com\/fr\/tourisme-saint-pee-sur-nivelle\/#breadcrumb"},"inLanguage":"fr-FR","potentialAction":[{"@type":"ReadAction","target":["https:\/\/www.camping-goyetchea.com\/fr\/tourisme-saint-pee-sur-nivelle\/"]}]},{"@type":"ImageObject","inLanguage":"fr-FR","@id":"https:\/\/www.camping-goyetchea.com\/fr\/tourisme-saint-pee-sur-nivelle\/#primaryimage","url":"https:\/\/www.camping-goyetchea.com\/wp-content\/uploads\/2021\/10\/decouvrir-saint-pee-sur-nivelle-1.jpg","contentUrl":"https:\/\/www.camping-goyetchea.com\/wp-content\/uploads\/2021\/10\/decouvrir-saint-pee-sur-nivelle-1.jpg","width":1906,"height":550,"caption":"decouvrir saint pee sur nivelle"},{"@type":"BreadcrumbList","@id":"https:\/\/www.camping-goyetchea.com\/fr\/tourisme-saint-pee-sur-nivelle\/#breadcrumb","itemListElement":[{"@type":"ListItem","position":1,"name":"Camping Pays Basque","item":"https:\/\/www.camping-goyetchea.com\/fr\/"},{"@type":"ListItem","position":2,"name":"Visiter Saint-P\u00e9e-sur-Nivelle"}]},{"@type":"WebSite","@id":"https:\/\/www.camping-goyetchea.com\/fr\/#website","url":"https:\/\/www.camping-goyetchea.com\/fr\/","name":"Camping Goyetchea","description":"","publisher":{"@id":"https:\/\/www.camping-goyetchea.com\/fr\/#organization"},"potentialAction":[{"@type":"SearchAction","target":{"@type":"EntryPoint","urlTemplate":"https:\/\/www.camping-goyetchea.com\/fr\/?s={search_term_string}"},"query-input":{"@type":"PropertyValueSpecification","valueRequired":true,"valueName":"search_term_string"}}],"inLanguage":"fr-FR"},{"@type":"Organization","@id":"https:\/\/www.camping-goyetchea.com\/fr\/#organization","name":"Camping Goyetchea","url":"https:\/\/www.camping-goyetchea.com\/fr\/","logo":{"@type":"ImageObject","inLanguage":"fr-FR","@id":"https:\/\/www.camping-goyetchea.com\/fr\/#\/schema\/logo\/image\/","url":"https:\/\/www.camping-goyetchea.com\/wp-content\/uploads\/2021\/09\/camping-goyetchea.png","contentUrl":"https:\/\/www.camping-goyetchea.com\/wp-content\/uploads\/2021\/09\/camping-goyetchea.png","width":283,"height":107,"caption":"Camping Goyetchea"},"image":{"@id":"https:\/\/www.camping-goyetchea.com\/fr\/#\/schema\/logo\/image\/"}}]}},"_links":{"self":[{"href":"https:\/\/www.camping-goyetchea.com\/fr\/wp-json\/wp\/v2\/pages\/299","targetHints":{"allow":["GET"]}}],"collection":[{"href":"https:\/\/www.camping-goyetchea.com\/fr\/wp-json\/wp\/v2\/pages"}],"about":[{"href":"https:\/\/www.camping-goyetchea.com\/fr\/wp-json\/wp\/v2\/types\/page"}],"author":[{"embeddable":true,"href":"https:\/\/www.camping-goyetchea.com\/fr\/wp-json\/wp\/v2\/users\/1"}],"replies":[{"embeddable":true,"href":"https:\/\/www.camping-goyetchea.com\/fr\/wp-json\/wp\/v2\/comments?post=299"}],"version-history":[{"count":80,"href":"https:\/\/www.camping-goyetchea.com\/fr\/wp-json\/wp\/v2\/pages\/299\/revisions"}],"predecessor-version":[{"id":1851,"href":"https:\/\/www.camping-goyetchea.com\/fr\/wp-json\/wp\/v2\/pages\/299\/revisions\/1851"}],"wp:featuredmedia":[{"embeddable":true,"href":"https:\/\/www.camping-goyetchea.com\/fr\/wp-json\/wp\/v2\/media\/1565"}],"wp:attachment":[{"href":"https:\/\/www.camping-goyetchea.com\/fr\/wp-json\/wp\/v2\/media?parent=299"}],"curies":[{"name":"wp","href":"https:\/\/api.w.org\/{rel}","templated":true}]}}